{"id":989,"date":"2020-12-01T14:10:24","date_gmt":"2020-12-01T13:10:24","guid":{"rendered":"https:\/\/www.aspa.pl\/?page_id=989"},"modified":"2024-08-31T22:16:42","modified_gmt":"2024-08-31T20:16:42","slug":"chlodnice","status":"publish","type":"page","link":"https:\/\/www.aspa.pl\/pl\/czesci-zamienne\/chlodnice\/","title":{"rendered":"Ch\u0142odnice"},"content":{"rendered":"<p>Kompaktowe i \u0142atwe w obs\u0142udze agregaty ch\u0142odnicze Hyperchill Plus oferuj\u0105 bezpieczne, niezawodne dzia\u0142anie nawet w najbardziej zr\u00f3\u017cnicowanych warunkach, zapewniaj\u0105c precyzyjn\u0105 regulacj\u0119 temperatury cieczy technologicznej.<\/p>\n<p>Szeroka gama akcesori\u00f3w i wyposa\u017cenia opcjonalnego sprawiaj\u0105, \u017ce agregaty Hyperchill Plus stanowi\u0105 uniwersalne rozwi\u0105zanie, zaspokajaj\u0105c tym samym potrzeby wszystkich instalacji przemys\u0142owych. Dzi\u0119ki zastosowaniu uk\u0142adu hydraulicznego (bez element\u00f3w wykonanych z \u017celaza) agregaty ch\u0142odnicze Hyperchill Plus zapewniaj\u0105 stabilne warunki pracy oraz maksymaln\u0105 jako\u015b\u0107 i czysto\u015b\u0107 p\u0142ynu ch\u0142odz\u0105cego (wody, mieszaniny wody z glikolem, p\u0142yn\u00f3w o niskiej lepko\u015bci), co pozwala zwi\u0119kszy\u0107 sprawno\u015b\u0107 i wydajno\u015b\u0107 procesu oraz znacznie ograniczy\u0107 koszty utrzymania i przestoje zak\u0142adu.<\/p>\n<p>Wszystkie agregat Hyperchill Plus poddawane s\u0105 szczeg\u00f3\u0142owym testom, kt\u00f3re s\u0105 gwarantem sprawnego dzia\u0142ania oraz niezawodno\u015bci w ka\u017cdych warunkach pracy.<\/p>\n<p><a href=\"https:\/\/www.aspa.pl\/wp-content\/uploads\/2020\/12\/hyperchill_plus_dane-techniczne.pdf\"><strong>Pobierz kart\u0119 produktu<\/strong><\/a><\/p>\n<p>&nbsp;<\/p>\n","protected":false},"excerpt":{"rendered":"<p>Kompaktowe i \u0142atwe w obs\u0142udze agregaty ch\u0142odnicze Hyperchill Plus oferuj\u0105 bezpieczne, niezawodne dzia\u0142anie nawet w najbardziej zr\u00f3\u017cnicowanych warunkach, zapewniaj\u0105c precyzyjn\u0105 regulacj\u0119 temperatury cieczy technologicznej. Szeroka gama akcesori\u00f3w i wyposa\u017cenia opcjonalnego sprawiaj\u0105, \u017ce agregaty Hyperchill Plus stanowi\u0105 uniwersalne rozwi\u0105zanie, zaspokajaj\u0105c tym samym potrzeby wszystkich instalacji przemys\u0142owych. Dzi\u0119ki zastosowaniu uk\u0142adu hydraulicznego (bez element\u00f3w wykonanych z \u017celaza) agregaty [&hellip;]<\/p>\n","protected":false},"author":1,"featured_media":0,"parent":647,"menu_order":0,"comment_status":"closed","ping_status":"closed","template":"template-czesci.php","meta":{"_acf_changed":false,"inline_featured_image":false,"footnotes":""},"class_list":["post-989","page","type-page","status-publish","hentry"],"acf":[],"_links":{"self":[{"href":"https:\/\/www.aspa.pl\/pl\/wp-json\/wp\/v2\/pages\/989"}],"collection":[{"href":"https:\/\/www.aspa.pl\/pl\/wp-json\/wp\/v2\/pages"}],"about":[{"href":"https:\/\/www.aspa.pl\/pl\/wp-json\/wp\/v2\/types\/page"}],"author":[{"embeddable":true,"href":"https:\/\/www.aspa.pl\/pl\/wp-json\/wp\/v2\/users\/1"}],"replies":[{"embeddable":true,"href":"https:\/\/www.aspa.pl\/pl\/wp-json\/wp\/v2\/comments?post=989"}],"version-history":[{"count":7,"href":"https:\/\/www.aspa.pl\/pl\/wp-json\/wp\/v2\/pages\/989\/revisions"}],"predecessor-version":[{"id":3875,"href":"https:\/\/www.aspa.pl\/pl\/wp-json\/wp\/v2\/pages\/989\/revisions\/3875"}],"up":[{"embeddable":true,"href":"https:\/\/www.aspa.pl\/pl\/wp-json\/wp\/v2\/pages\/647"}],"wp:attachment":[{"href":"https:\/\/www.aspa.pl\/pl\/wp-json\/wp\/v2\/media?parent=989"}],"curies":[{"name":"wp","href":"https:\/\/api.w.org\/{rel}","templated":true}]}}