{"id":981,"date":"2020-12-01T14:07:59","date_gmt":"2020-12-01T13:07:59","guid":{"rendered":"https:\/\/www.aspa.pl\/?page_id=981"},"modified":"2024-08-31T21:49:08","modified_gmt":"2024-08-31T19:49:08","slug":"przewody-pradowe","status":"publish","type":"page","link":"https:\/\/www.aspa.pl\/pl\/czesci-zamienne\/przewody-pradowe\/","title":{"rendered":"Przewody pr\u0105dowe"},"content":{"rendered":"<p>Firma ASPA zajmuje si\u0119 r\u00f3wnie\u017c produkcj\u0105 przewod\u00f3w pr\u0105dowych, kt\u00f3re odgrywaj\u0105 wa\u017cn\u0105 rol\u0119 w procesie dostarczania energii do miejsca zgrzewania. Ich przewodno\u015b\u0107, trwa\u0142o\u015b\u0107 i niezawodno\u015b\u0107 maj\u0105 bezpo\u015bredni wp\u0142yw na proces zgrzewania, co z kolei przek\u0142ada si\u0119 na trwa\u0142o\u015b\u0107 i jako\u015b\u0107 element\u00f3w \u0142\u0105czonych podczas procesu produkcyjnego. W naszej ofercie posiadamy przewody pr\u0105dowe jedno\u017cy\u0142owe i dwu\u017cy\u0142owe, ch\u0142odzone wod\u0105 i niech\u0142odzone.<\/p>\n<p>Kable pr\u0105dowe ch\u0142odzone wod\u0105 stanowi\u0105 kluczowy element w maszynach zgrzewalniczych, s\u0142u\u017c\u0105c cz\u0119sto do po\u0142\u0105czenia ruchomych cz\u0119\u015bci i przekazuj\u0105 energie do miejsc zgrzewania. Ich wszechstronne zastosowanie obejmuje r\u00f3wnie\u017c inne urz\u0105dzenia, takie jak piece. W przypadku du\u017cych obci\u0105\u017ce\u0144 pr\u0105dowych zdecydowanie zaleca si\u0119 preferowanie kabli ch\u0142odzonych wod\u0105 nad tymi ch\u0142odzonymi powietrzem. Ich u\u017cywanie cz\u0119sto prowadzi do oszcz\u0119dno\u015bci miejsca w projektach maszyn, co jest szczeg\u00f3lnie istotne w przypadku ograniczonej przestrzeni zabudowy.<\/p>\n<p>Warto zaznaczy\u0107, \u017ce kable ch\u0142odzone wod\u0105 maj\u0105 znacznie szersze spektrum zastosowa\u0144 ni\u017c przewody niech\u0142odzone. Ich elastyczno\u015b\u0107 pozwala na prac\u0119 w \u015brodowiskach o wysokich temperaturach, co przyczynia si\u0119 do minimalizacji ryzyka przegrzewania i potencjalnych zagro\u017ce\u0144 zwi\u0105zanych z wysokimi temperaturami oraz awariami, kt\u00f3re mog\u0142yby zak\u0142\u00f3ci\u0107 proces produkcyjny. Dodatkow\u0105 zalet\u0105 tych kabli jest wysoka wytrzyma\u0142o\u015b\u0107 oraz odporno\u015b\u0107 na uszkodzenia mechaniczne.<\/p>\n<p>Serdecznie zapraszamy do zapoznania si\u0119 z pe\u0142nym asortymentem naszej firmy. W razie potrzeby s\u0142u\u017cymy pomoc\u0105 w dokonaniu optymalnego wyboru dopasowanego do Pa\u0144stwa konkretnych potrzeb i wymaga\u0144.<\/p>\n<p><a href=\"https:\/\/www.aspa.pl\/wp-content\/uploads\/2020\/12\/katalog_przewodow_pradowych.pdf\"><strong>Katalog przewod\u00f3w pr\u0105dowych<\/strong><\/a><\/p>\n","protected":false},"excerpt":{"rendered":"<p>Firma ASPA zajmuje si\u0119 r\u00f3wnie\u017c produkcj\u0105 przewod\u00f3w pr\u0105dowych, kt\u00f3re odgrywaj\u0105 wa\u017cn\u0105 rol\u0119 w procesie dostarczania energii do miejsca zgrzewania. Ich przewodno\u015b\u0107, trwa\u0142o\u015b\u0107 i niezawodno\u015b\u0107 maj\u0105 bezpo\u015bredni wp\u0142yw na proces zgrzewania, co z kolei przek\u0142ada si\u0119 na trwa\u0142o\u015b\u0107 i jako\u015b\u0107 element\u00f3w \u0142\u0105czonych podczas procesu produkcyjnego. W naszej ofercie posiadamy przewody pr\u0105dowe jedno\u017cy\u0142owe i dwu\u017cy\u0142owe, ch\u0142odzone wod\u0105 [&hellip;]<\/p>\n","protected":false},"author":1,"featured_media":0,"parent":647,"menu_order":0,"comment_status":"closed","ping_status":"closed","template":"template-czesci.php","meta":{"_acf_changed":false,"inline_featured_image":false,"footnotes":""},"class_list":["post-981","page","type-page","status-publish","hentry"],"acf":[],"_links":{"self":[{"href":"https:\/\/www.aspa.pl\/pl\/wp-json\/wp\/v2\/pages\/981"}],"collection":[{"href":"https:\/\/www.aspa.pl\/pl\/wp-json\/wp\/v2\/pages"}],"about":[{"href":"https:\/\/www.aspa.pl\/pl\/wp-json\/wp\/v2\/types\/page"}],"author":[{"embeddable":true,"href":"https:\/\/www.aspa.pl\/pl\/wp-json\/wp\/v2\/users\/1"}],"replies":[{"embeddable":true,"href":"https:\/\/www.aspa.pl\/pl\/wp-json\/wp\/v2\/comments?post=981"}],"version-history":[{"count":8,"href":"https:\/\/www.aspa.pl\/pl\/wp-json\/wp\/v2\/pages\/981\/revisions"}],"predecessor-version":[{"id":2725,"href":"https:\/\/www.aspa.pl\/pl\/wp-json\/wp\/v2\/pages\/981\/revisions\/2725"}],"up":[{"embeddable":true,"href":"https:\/\/www.aspa.pl\/pl\/wp-json\/wp\/v2\/pages\/647"}],"wp:attachment":[{"href":"https:\/\/www.aspa.pl\/pl\/wp-json\/wp\/v2\/media?parent=981"}],"curies":[{"name":"wp","href":"https:\/\/api.w.org\/{rel}","templated":true}]}}