{"id":841,"date":"2020-12-01T13:21:41","date_gmt":"2020-12-01T12:21:41","guid":{"rendered":"https:\/\/www.aspa.pl\/?page_id=841"},"modified":"2024-08-31T22:31:21","modified_gmt":"2024-08-31T20:31:21","slug":"elektrody-i-obsady","status":"publish","type":"page","link":"https:\/\/www.aspa.pl\/pl\/czesci-zamienne\/elektrody-i-obsady\/","title":{"rendered":"Elektrody i obsady"},"content":{"rendered":"<p><span class=\"OYPEnA font-feature-liga-off font-feature-clig-off font-feature-calt-off text-decoration-none text-strikethrough-none\">Elektrody w urz\u0105dzeniach zgrzewalniczych firmy ASPA to kluczowe komponenty, kt\u00f3re stykaj\u0105 si\u0119 bezpo\u015brednio ze zgrzewanym materia\u0142em. Ze wzgl\u0119du na intensywn\u0105 eksploatacj\u0119 podczas procesu zgrzewania, elektrody te s\u0105 nara\u017cone na du\u017ce obci\u0105\u017cenia i szybkie zu\u017cycie. Aby zapewni\u0107 optymaln\u0105 wydajno\u015b\u0107 zgrzewarki, niezb\u0119dna jest regularna konserwacja i wymiana elektrod. Firma ASPA oferuje szerok\u0105 gam\u0119 elektrod, w tym proste, nasadkowe, kszta\u0142towe i specjalne, kt\u00f3re s\u0105 produkowane w siedzibie firmy zgodnie z rygorystycznymi normami jako\u015bci.<\/span><\/p>\n<p><span class=\"OYPEnA font-feature-liga-off font-feature-clig-off font-feature-calt-off text-decoration-none text-strikethrough-none\">Wyb\u00f3r odpowiedniego materia\u0142u na elektrody ma kluczowe znaczenie dla powodzenia operacji zgrzewania. Elektrody musz\u0105 charakteryzowa\u0107 si\u0119 doskona\u0142\u0105 przewodno\u015bci\u0105 elektryczn\u0105, aby minimalizowa\u0107 oporno\u015b\u0107 na pr\u0105d, oraz dobr\u0105 przewodno\u015bci\u0105 ciepln\u0105, co umo\u017cliwia szybkie rozpraszanie ciep\u0142a. Wa\u017cne s\u0105 r\u00f3wnie\u017c w\u0142a\u015bciwo\u015bci mechaniczne, kt\u00f3re zapobiegaj\u0105 p\u0119kaniu elektrod pod wp\u0142ywem si\u0142y. Materia\u0142 na elektrody musi by\u0107 odpowiednio twardy, aby wytrzyma\u0107 si\u0142y \u015bciskania i zachowa\u0107 t\u0119 twardo\u015b\u0107 w wysokiej temperaturze.<\/span><\/p>\n<p><span class=\"OYPEnA font-feature-liga-off font-feature-clig-off font-feature-calt-off text-decoration-none text-strikethrough-none\">Spo\u015br\u00f3d dost\u0119pnych metali, najbardziej wszechstronnym jest mied\u017a chromowa z niewielk\u0105 domieszk\u0105 cyrkonu, kt\u00f3ra \u0142\u0105czy w sobie wszystkie kluczowe w\u0142a\u015bciwo\u015bci niezb\u0119dne do efektywnego zgrzewania. Dzi\u0119ki specjalnej technice wytwarzania, ten stop miedzi posiada struktur\u0119 kryszta\u0142u z orientacj\u0105 w\u0142\u00f3kien, co dodatkowo wzmacnia jego w\u0142a\u015bciwo\u015bci mechaniczne. Mied\u017a chromowa wykazuje znacznie lepsz\u0105 twardo\u015b\u0107 w wysokiej temperaturze oraz odporno\u015b\u0107 na zmi\u0119kczenie w por\u00f3wnaniu do standardowych stop\u00f3w miedzi i cyrkonu. Jednak w przypadku zgrzewania materia\u0142\u00f3w takich jak mied\u017a, mied\u017a chromowa mo\u017ce nie by\u0107 odpowiednia. Dlatego firma ASPA oferuje r\u00f3wnie\u017c elektrody wykonane z miedzi elektrolitycznej, spiekanego stopu miedzi-wolframu, molibdenu, wolframu lub grafitu, kt\u00f3re s\u0105 dostosowane do specjalnych zastosowa\u0144.<\/span><\/p>\n<h4>Elektrody standardowe<\/h4>\n<pre class=\"text\">\n<table id=\"tablepress-3\" class=\"tablepress tablepress-id-3 tablepress-responsive tablepress-responsive-phone\">\n<thead>\n<tr class=\"row-1 odd\">\n\t<th class=\"column-1\"><\/th><th class=\"column-2\">Sto\u0142owe<\/th><th class=\"column-3\">Punktowe\/Kleszczowe<\/th><th class=\"column-4\">Punktowe ma\u0142ej mocy<\/th><th class=\"column-5\">Punktowe du\u017cej mocy<\/th><th class=\"column-6\">Punktowe bardzo du\u017cej mocy<\/th>\n<\/tr>\n<\/thead>\n<tbody class=\"row-hover\">\n<tr class=\"row-2 even\">\n\t<td class=\"column-1\"><\/td><td class=\"column-2\">Sto\u017cek \u03a6 10,5 mm<\/td><td class=\"column-3\">Sto\u017cek \u03a6 12 mm<\/td><td class=\"column-4\">Sto\u017cek \u03a6 15,5 mm<\/td><td class=\"column-5\">Sto\u017cek \u03a6 19 mm<\/td><td class=\"column-6\">Sto\u017cek \u03a6 24,5 mm<\/td>\n<\/tr>\n<tr class=\"row-3 odd\">\n\t<td class=\"column-1\">Prosta<\/td><td class=\"column-2\"><a href=\"https:\/\/www.aspa.pl\/wp-content\/uploads\/2020\/12\/elektroda-c-02-0.pdf\">C-02-0<\/a><br><a href=\"https:\/\/www.aspa.pl\/wp-content\/uploads\/2020\/12\/elektroda-c-02-2.pdf\">C-02-2<\/a><\/td><td class=\"column-3\"><a href=\"https:\/\/www.aspa.pl\/wp-content\/uploads\/2020\/12\/elektroda-c-05-0.pdf\">C-05-0<\/a><br><a href=\"https:\/\/www.aspa.pl\/wp-content\/uploads\/2020\/12\/elektroda-a-03-1.pdf\">A-03-1<\/a><\/td><td class=\"column-4\"><a href=\"https:\/\/www.aspa.pl\/wp-content\/uploads\/2020\/12\/elektroda-a-06-1.pdf\">A-06-1<\/a><br><a href=\"https:\/\/www.aspa.pl\/wp-content\/uploads\/2020\/12\/elektroda-a-09-0.pdf\">A-09-0<\/a><\/td><td class=\"column-5\"><a href=\"https:\/\/www.aspa.pl\/wp-content\/uploads\/2020\/12\/elektroda-a-12-0.pdf\">A-12-0<\/a><br><a href=\"https:\/\/www.aspa.pl\/wp-content\/uploads\/2020\/12\/elektroda-a-13-0.pdf\">A-13-0<\/a><\/td><td class=\"column-6\"><a href=\"https:\/\/www.aspa.pl\/wp-content\/uploads\/2020\/12\/elektroda-a-20-0.pdf\">A-20-0<\/a><\/td>\n<\/tr>\n<tr class=\"row-4 even\">\n\t<td class=\"column-1\">Kulista<\/td><td class=\"column-2\"><a href=\"https:\/\/www.aspa.pl\/wp-content\/uploads\/2020\/12\/elektroda-c-10-1.pdf\">C-10-1<\/a><br><a href=\"https:\/\/www.aspa.pl\/wp-content\/uploads\/2020\/12\/elektroda-c-10-0.pdf\">C-10-0<\/a><\/td><td class=\"column-3\"><a href=\"https:\/\/www.aspa.pl\/wp-content\/uploads\/2020\/12\/elektroda-c-13-0.pdf\">C-13-0<\/a><br>C-31-0<br \/>\n<\/td><td class=\"column-4\"><a href=\"https:\/\/www.aspa.pl\/wp-content\/uploads\/2020\/12\/elektroda-a-33-5.pdf\">A-33-5<\/a><br><a href=\"https:\/\/www.aspa.pl\/wp-content\/uploads\/2020\/12\/elektroda-a-34-0.pdf\">A-34-0<\/a><\/td><td class=\"column-5\"><a href=\"https:\/\/www.aspa.pl\/wp-content\/uploads\/2020\/12\/elektroda-a-36-1.pdf\">A-36-1<\/a><br><a href=\"https:\/\/www.aspa.pl\/wp-content\/uploads\/2020\/12\/elektroda-a-35-0.pdf\">A-35-0<\/a><\/td><td class=\"column-6\">-<\/td>\n<\/tr>\n<tr class=\"row-5 odd\">\n\t<td class=\"column-1\">P\u0142aska<\/td><td class=\"column-2\"><a href=\"https:\/\/www.aspa.pl\/wp-content\/uploads\/2020\/12\/elektroda-c-02-3.pdf\">C-02-3<\/a><br><a href=\"https:\/\/www.aspa.pl\/wp-content\/uploads\/2020\/12\/elektroda-c-02-1.pdf\">C-02-1<\/a><\/td><td class=\"column-3\"><a href=\"https:\/\/www.aspa.pl\/wp-content\/uploads\/2020\/12\/elektroda-c-03-0.pdf\">C-03-0<\/a><\/td><td class=\"column-4\"><a href=\"https:\/\/www.aspa.pl\/wp-content\/uploads\/2020\/12\/elektroda-a-10-4.pdf\">A-10-4<\/a><br><a href=\"https:\/\/www.aspa.pl\/wp-content\/uploads\/2020\/12\/elektroda-a-10-2.pdf\">A-10-2<\/a><\/td><td class=\"column-5\"><a href=\"https:\/\/www.aspa.pl\/wp-content\/uploads\/2020\/12\/elektroda-a-15-0.pdf\">A-15-0<\/a><br><a href=\"https:\/\/www.aspa.pl\/wp-content\/uploads\/2020\/12\/elektroda-a-16-0.pdf\">A-16-0<\/a><\/td><td class=\"column-6\"><a href=\"https:\/\/www.aspa.pl\/wp-content\/uploads\/2020\/12\/elektroda-a-24-0.pdf\">A-24-0<\/a><\/td>\n<\/tr>\n<tr class=\"row-6 even\">\n\t<td class=\"column-1\">Odchylona<\/td><td class=\"column-2\"><a href=\"https:\/\/www.aspa.pl\/wp-content\/uploads\/2020\/12\/elektroda-f-06-1.pdf\">F-06-1<\/a><\/td><td class=\"column-3\">F-01-40<br>F-06-40<\/td><td class=\"column-4\"><a href=\"https:\/\/www.aspa.pl\/wp-content\/uploads\/2020\/12\/elektroda-f-03-0.pdf\">F-03-0<\/a><br><a href=\"https:\/\/www.aspa.pl\/wp-content\/uploads\/2020\/12\/elektroda-f-01-1.pdf\">F-01-1<\/a><\/td><td class=\"column-5\"><a href=\"https:\/\/www.aspa.pl\/wp-content\/uploads\/2020\/12\/elektroda-f-11-0.pdf\">F-11-0<\/a><br><a href=\"https:\/\/www.aspa.pl\/wp-content\/uploads\/2020\/12\/elektroda-f-07-0.pdf\">F-07-0<\/a><\/td><td class=\"column-6\"><a href=\"https:\/\/www.aspa.pl\/wp-content\/uploads\/2020\/12\/elektroda-f-17-0.pdf\">F-17-0<\/a><\/td>\n<\/tr>\n<tr class=\"row-7 odd\">\n\t<td class=\"column-1\">Wahliwa<\/td><td class=\"column-2\"><a href=\"https:\/\/www.aspa.pl\/wp-content\/uploads\/2020\/12\/elektroda-s-27-4.pdf\">S-27-4<\/a><\/td><td class=\"column-3\"><a href=\"https:\/\/www.aspa.pl\/wp-content\/uploads\/2020\/12\/elektroda-s-27-3.pdf\">S-27-3<\/a><br><a href=\"https:\/\/www.aspa.pl\/wp-content\/uploads\/2020\/12\/elektroda-s-07-1.pdf\">S-07-1<\/a><\/td><td class=\"column-4\"><a href=\"https:\/\/www.aspa.pl\/wp-content\/uploads\/2020\/12\/elektroda-s-07-3.pdf\">S-07-3<\/a><br><a href=\"https:\/\/www.aspa.pl\/wp-content\/uploads\/2020\/12\/elektroda-s-27-0.pdf\">S-27-0<\/a><\/td><td class=\"column-5\"><a href=\"https:\/\/www.aspa.pl\/wp-content\/uploads\/2020\/12\/elektroda-s-07-0.pdf\">S-07-0<\/a><\/td><td class=\"column-6\">-<\/td>\n<\/tr>\n<tr class=\"row-8 even\">\n\t<td class=\"column-1\">Do argonu<\/td><td class=\"column-2\">KE 11 ARG<\/td><td class=\"column-3\">KE 13 ARG<\/td><td class=\"column-4\">KE 16 ARG<\/td><td class=\"column-5\">KE 20 ARG<\/td><td class=\"column-6\">KE 20 ARG + przej\u015bci\u00f3wka<\/td>\n<\/tr>\n<\/tbody>\n<\/table>\n<!-- #tablepress-3 from cache --><\/pre>\n<p><strong><a href=\"https:\/\/www.aspa.pl\/wp-content\/uploads\/2020\/12\/katalog_elektrod.pdf\">Pobierz pe\u0142ny katalog elektrod<\/a><\/strong><\/p>\n","protected":false},"excerpt":{"rendered":"<p>Elektrody w urz\u0105dzeniach zgrzewalniczych firmy ASPA to kluczowe komponenty, kt\u00f3re stykaj\u0105 si\u0119 bezpo\u015brednio ze zgrzewanym materia\u0142em. Ze wzgl\u0119du na intensywn\u0105 eksploatacj\u0119 podczas procesu zgrzewania, elektrody te s\u0105 nara\u017cone na du\u017ce obci\u0105\u017cenia i szybkie zu\u017cycie. Aby zapewni\u0107 optymaln\u0105 wydajno\u015b\u0107 zgrzewarki, niezb\u0119dna jest regularna konserwacja i wymiana elektrod. Firma ASPA oferuje szerok\u0105 gam\u0119 elektrod, w tym proste, [&hellip;]<\/p>\n","protected":false},"author":1,"featured_media":0,"parent":647,"menu_order":0,"comment_status":"closed","ping_status":"closed","template":"template-czesci.php","meta":{"_acf_changed":false,"inline_featured_image":false,"footnotes":""},"class_list":["post-841","page","type-page","status-publish","hentry"],"acf":[],"_links":{"self":[{"href":"https:\/\/www.aspa.pl\/pl\/wp-json\/wp\/v2\/pages\/841"}],"collection":[{"href":"https:\/\/www.aspa.pl\/pl\/wp-json\/wp\/v2\/pages"}],"about":[{"href":"https:\/\/www.aspa.pl\/pl\/wp-json\/wp\/v2\/types\/page"}],"author":[{"embeddable":true,"href":"https:\/\/www.aspa.pl\/pl\/wp-json\/wp\/v2\/users\/1"}],"replies":[{"embeddable":true,"href":"https:\/\/www.aspa.pl\/pl\/wp-json\/wp\/v2\/comments?post=841"}],"version-history":[{"count":9,"href":"https:\/\/www.aspa.pl\/pl\/wp-json\/wp\/v2\/pages\/841\/revisions"}],"predecessor-version":[{"id":3891,"href":"https:\/\/www.aspa.pl\/pl\/wp-json\/wp\/v2\/pages\/841\/revisions\/3891"}],"up":[{"embeddable":true,"href":"https:\/\/www.aspa.pl\/pl\/wp-json\/wp\/v2\/pages\/647"}],"wp:attachment":[{"href":"https:\/\/www.aspa.pl\/pl\/wp-json\/wp\/v2\/media?parent=841"}],"curies":[{"name":"wp","href":"https:\/\/api.w.org\/{rel}","templated":true}]}}