{"id":431,"date":"2020-11-24T23:53:56","date_gmt":"2020-11-24T22:53:56","guid":{"rendered":"https:\/\/www.aspa.pl\/?page_id=431"},"modified":"2024-08-13T14:58:58","modified_gmt":"2024-08-13T12:58:58","slug":"serwis-pogwarancyjny-i-dlugofalowe-umowy-serwisowe","status":"publish","type":"page","link":"https:\/\/www.aspa.pl\/pl\/serwis-i-szkolenia\/serwis-pogwarancyjny-i-dlugofalowe-umowy-serwisowe\/","title":{"rendered":"Serwis pogwarancyjny"},"content":{"rendered":"<p>W swojej ofercie posiadamy zar\u00f3wno przegl\u0105dy gwarancyjne, jak i pogwarancyjne. Naszym Klientom zapewniamy r\u00f3wnie\u017c mo\u017cliwo\u015b\u0107 podpisania sta\u0142ych um\u00f3w gwarancyjnych, dzi\u0119ki kt\u00f3rym dost\u0119pno\u015b\u0107 naszego serwisu jest jeszcze lepsza. Ma to niebagatelne znaczenie wsz\u0119dzie tam, gdzie usterka zgrzewarki skutkuje unieruchomieniem produkcji, a \u2013 co za tym idzie \u2013 wymiernymi stratami finansowymi. Dzi\u0119ki temu, \u017ce firma ASPA ma swoj\u0105 siedzib\u0119 w Polsce, nasz zesp\u00f3\u0142 serwisowy jest w stanie dotrze\u0107 do Klienta w kr\u00f3tkim czasie i \u2013 je\u015bli to tylko mo\u017cliwe \u2013 dokona\u0107 naprawy na miejscu.<\/p>\n<p>Szerokie kompetencje i wieloletnie do\u015bwiadczenie naszych serwisant\u00f3w sprawiaj\u0105, \u017ce jeste\u015bmy w stanie podj\u0105\u0107 si\u0119 naprawy niemal wszystkich zgrzewarek, niezale\u017cnie od tego, kt\u00f3ra firma je wyprodukowa\u0142a.<\/p>\n","protected":false},"excerpt":{"rendered":"<p>W swojej ofercie posiadamy zar\u00f3wno przegl\u0105dy gwarancyjne, jak i pogwarancyjne. Naszym Klientom zapewniamy r\u00f3wnie\u017c mo\u017cliwo\u015b\u0107 podpisania sta\u0142ych um\u00f3w gwarancyjnych, dzi\u0119ki kt\u00f3rym dost\u0119pno\u015b\u0107 naszego serwisu jest jeszcze lepsza. Ma to niebagatelne znaczenie wsz\u0119dzie tam, gdzie usterka zgrzewarki skutkuje unieruchomieniem produkcji, a \u2013 co za tym idzie \u2013 wymiernymi stratami finansowymi. Dzi\u0119ki temu, \u017ce firma ASPA ma [&hellip;]<\/p>\n","protected":false},"author":1,"featured_media":0,"parent":423,"menu_order":0,"comment_status":"closed","ping_status":"closed","template":"template-serwis.php","meta":{"_acf_changed":false,"inline_featured_image":false,"footnotes":""},"class_list":["post-431","page","type-page","status-publish","hentry"],"acf":[],"_links":{"self":[{"href":"https:\/\/www.aspa.pl\/pl\/wp-json\/wp\/v2\/pages\/431"}],"collection":[{"href":"https:\/\/www.aspa.pl\/pl\/wp-json\/wp\/v2\/pages"}],"about":[{"href":"https:\/\/www.aspa.pl\/pl\/wp-json\/wp\/v2\/types\/page"}],"author":[{"embeddable":true,"href":"https:\/\/www.aspa.pl\/pl\/wp-json\/wp\/v2\/users\/1"}],"replies":[{"embeddable":true,"href":"https:\/\/www.aspa.pl\/pl\/wp-json\/wp\/v2\/comments?post=431"}],"version-history":[{"count":4,"href":"https:\/\/www.aspa.pl\/pl\/wp-json\/wp\/v2\/pages\/431\/revisions"}],"predecessor-version":[{"id":2731,"href":"https:\/\/www.aspa.pl\/pl\/wp-json\/wp\/v2\/pages\/431\/revisions\/2731"}],"up":[{"embeddable":true,"href":"https:\/\/www.aspa.pl\/pl\/wp-json\/wp\/v2\/pages\/423"}],"wp:attachment":[{"href":"https:\/\/www.aspa.pl\/pl\/wp-json\/wp\/v2\/media?parent=431"}],"curies":[{"name":"wp","href":"https:\/\/api.w.org\/{rel}","templated":true}]}}