{"id":425,"date":"2020-11-24T23:51:58","date_gmt":"2020-11-24T22:51:58","guid":{"rendered":"https:\/\/www.aspa.pl\/?page_id=425"},"modified":"2024-08-13T15:01:27","modified_gmt":"2024-08-13T13:01:27","slug":"naprawy-i-remonty","status":"publish","type":"page","link":"https:\/\/www.aspa.pl\/pl\/serwis-i-szkolenia\/naprawy-i-remonty\/","title":{"rendered":"Naprawy i remonty"},"content":{"rendered":"<p>W szerok\u0105 gam\u0119 oferowanych przez zesp\u00f3\u0142 naszych do\u015bwiadczonych ekspert\u00f3w us\u0142ug wchodz\u0105 naprawy i remonty zgrzewarek wyprodukowanych zar\u00f3wno przez firm\u0119 ASPA, jak i innych producent\u00f3w.<\/p>\n<p>W ramach \u015bwiadczonych us\u0142ug zapewniamy:<\/p>\n<ul>\n<li>dostosowanie sprz\u0119tu do obecnie obowi\u0105zuj\u0105cych przepis\u00f3w,<\/li>\n<li>wymian\u0119 uk\u0142ad\u00f3w sterowania na obecnie produkowane i stosowane,<\/li>\n<li>wymian\u0119 uk\u0142ad\u00f3w pneumatycznych,<\/li>\n<li>wymian\u0119 osprz\u0119tu w uk\u0142adach ch\u0142odzenia,<\/li>\n<li>regeneracj\u0119 obwod\u00f3w wt\u00f3rnych, w tym napraw\u0119 p\u0142aszczyzn stykowych szyn pr\u0105dowych i innych element\u00f3w toru pr\u0105dowego,<\/li>\n<li>czyszczenie i malowanie korpusu, pozosta\u0142ych cz\u0119\u015bci oraz os\u0142on.<\/li>\n<\/ul>\n<p>Poni\u017cej linki do naszych przyk\u0142adowych realizacji remont\u00f3w :<\/p>\n<p><a href=\"https:\/\/www.youtube.com\/watch?v=JeN778v9-cg&amp;ab_channel=ASPARESISTANCEWELDING\"><img loading=\"lazy\" decoding=\"async\" class=\"wp-image-2049 size-medium alignright\" src=\"https:\/\/www.aspa.pl\/wp-content\/uploads\/2024\/05\/HOW-IS-IT-RENEWED-ZGm470i-300x169.jpg\" alt=\"\" width=\"300\" height=\"169\" srcset=\"https:\/\/www.aspa.pl\/wp-content\/uploads\/2024\/05\/HOW-IS-IT-RENEWED-ZGm470i-300x169.jpg 300w, https:\/\/www.aspa.pl\/wp-content\/uploads\/2024\/05\/HOW-IS-IT-RENEWED-ZGm470i-1024x576.jpg 1024w, https:\/\/www.aspa.pl\/wp-content\/uploads\/2024\/05\/HOW-IS-IT-RENEWED-ZGm470i-768x432.jpg 768w, https:\/\/www.aspa.pl\/wp-content\/uploads\/2024\/05\/HOW-IS-IT-RENEWED-ZGm470i-1536x864.jpg 1536w, https:\/\/www.aspa.pl\/wp-content\/uploads\/2024\/05\/HOW-IS-IT-RENEWED-ZGm470i-320x180.jpg 320w, https:\/\/www.aspa.pl\/wp-content\/uploads\/2024\/05\/HOW-IS-IT-RENEWED-ZGm470i.jpg 1920w\" sizes=\"(max-width: 300px) 100vw, 300px\" \/><\/a><a href=\"https:\/\/www.youtube.com\/watch?v=hs5_TxxU_G4&amp;ab_channel=ASPARESISTANCEWELDING\"><img loading=\"lazy\" decoding=\"async\" class=\"wp-image-2068 size-medium alignleft\" src=\"https:\/\/www.aspa.pl\/wp-content\/uploads\/2024\/05\/fhd-300x169.jpg\" alt=\"\" width=\"300\" height=\"169\" srcset=\"https:\/\/www.aspa.pl\/wp-content\/uploads\/2024\/05\/fhd-300x169.jpg 300w, https:\/\/www.aspa.pl\/wp-content\/uploads\/2024\/05\/fhd-1024x576.jpg 1024w, https:\/\/www.aspa.pl\/wp-content\/uploads\/2024\/05\/fhd-768x432.jpg 768w, https:\/\/www.aspa.pl\/wp-content\/uploads\/2024\/05\/fhd-1536x864.jpg 1536w, https:\/\/www.aspa.pl\/wp-content\/uploads\/2024\/05\/fhd-320x180.jpg 320w, https:\/\/www.aspa.pl\/wp-content\/uploads\/2024\/05\/fhd.jpg 1920w\" sizes=\"(max-width: 300px) 100vw, 300px\" \/><\/a><\/p>\n<p><a href=\"https:\/\/www.youtube.com\/watch?v=Q6FV_XDy2BA&amp;t=6s&amp;ab_channel=ASPARESISTANCEWELDING\"><img loading=\"lazy\" decoding=\"async\" class=\"wp-image-2043 size-medium alignright\" src=\"https:\/\/www.aspa.pl\/wp-content\/uploads\/2024\/05\/HOW-IS-IT-RENEWED-fhd-300x169.jpg\" alt=\"\" width=\"300\" height=\"169\" srcset=\"https:\/\/www.aspa.pl\/wp-content\/uploads\/2024\/05\/HOW-IS-IT-RENEWED-fhd-300x169.jpg 300w, https:\/\/www.aspa.pl\/wp-content\/uploads\/2024\/05\/HOW-IS-IT-RENEWED-fhd-1024x576.jpg 1024w, https:\/\/www.aspa.pl\/wp-content\/uploads\/2024\/05\/HOW-IS-IT-RENEWED-fhd-768x432.jpg 768w, https:\/\/www.aspa.pl\/wp-content\/uploads\/2024\/05\/HOW-IS-IT-RENEWED-fhd-1536x864.jpg 1536w, https:\/\/www.aspa.pl\/wp-content\/uploads\/2024\/05\/HOW-IS-IT-RENEWED-fhd-320x180.jpg 320w, https:\/\/www.aspa.pl\/wp-content\/uploads\/2024\/05\/HOW-IS-IT-RENEWED-fhd.jpg 1920w\" sizes=\"(max-width: 300px) 100vw, 300px\" \/><\/a><\/p>\n<p><a href=\"https:\/\/www.youtube.com\/watch?v=3oCV0Kujgq4&amp;t=23s&amp;ab_channel=ASPARESISTANCEWELDING\"><img loading=\"lazy\" decoding=\"async\" class=\"wp-image-2058 size-medium alignright\" src=\"https:\/\/www.aspa.pl\/wp-content\/uploads\/2024\/05\/HOW-IS-IT-RENEWED-ZPm-25_6.1.1-300x169.jpg\" alt=\"\" width=\"300\" height=\"169\" srcset=\"https:\/\/www.aspa.pl\/wp-content\/uploads\/2024\/05\/HOW-IS-IT-RENEWED-ZPm-25_6.1.1-300x169.jpg 300w, https:\/\/www.aspa.pl\/wp-content\/uploads\/2024\/05\/HOW-IS-IT-RENEWED-ZPm-25_6.1.1-1024x576.jpg 1024w, https:\/\/www.aspa.pl\/wp-content\/uploads\/2024\/05\/HOW-IS-IT-RENEWED-ZPm-25_6.1.1-768x432.jpg 768w, https:\/\/www.aspa.pl\/wp-content\/uploads\/2024\/05\/HOW-IS-IT-RENEWED-ZPm-25_6.1.1-1536x864.jpg 1536w, https:\/\/www.aspa.pl\/wp-content\/uploads\/2024\/05\/HOW-IS-IT-RENEWED-ZPm-25_6.1.1-320x180.jpg 320w, https:\/\/www.aspa.pl\/wp-content\/uploads\/2024\/05\/HOW-IS-IT-RENEWED-ZPm-25_6.1.1.jpg 1920w\" sizes=\"(max-width: 300px) 100vw, 300px\" \/><\/a><\/p>\n<p><a href=\"https:\/\/www.youtube.com\/watch?v=SYd1Jdf7wx8&amp;ab_channel=ASPARESISTANCEWELDING\"><img loading=\"lazy\" decoding=\"async\" class=\"wp-image-2062 size-medium alignright\" src=\"https:\/\/www.aspa.pl\/wp-content\/uploads\/2024\/05\/HOW-IS-IT-RENEWED-ZLm100_5.1.1-300x169.jpg\" alt=\"\" width=\"300\" height=\"169\" srcset=\"https:\/\/www.aspa.pl\/wp-content\/uploads\/2024\/05\/HOW-IS-IT-RENEWED-ZLm100_5.1.1-300x169.jpg 300w, https:\/\/www.aspa.pl\/wp-content\/uploads\/2024\/05\/HOW-IS-IT-RENEWED-ZLm100_5.1.1-1024x576.jpg 1024w, https:\/\/www.aspa.pl\/wp-content\/uploads\/2024\/05\/HOW-IS-IT-RENEWED-ZLm100_5.1.1-768x432.jpg 768w, https:\/\/www.aspa.pl\/wp-content\/uploads\/2024\/05\/HOW-IS-IT-RENEWED-ZLm100_5.1.1-1536x864.jpg 1536w, https:\/\/www.aspa.pl\/wp-content\/uploads\/2024\/05\/HOW-IS-IT-RENEWED-ZLm100_5.1.1-320x180.jpg 320w, https:\/\/www.aspa.pl\/wp-content\/uploads\/2024\/05\/HOW-IS-IT-RENEWED-ZLm100_5.1.1.jpg 1920w\" sizes=\"(max-width: 300px) 100vw, 300px\" \/><\/a><\/p>\n","protected":false},"excerpt":{"rendered":"<p>W szerok\u0105 gam\u0119 oferowanych przez zesp\u00f3\u0142 naszych do\u015bwiadczonych ekspert\u00f3w us\u0142ug wchodz\u0105 naprawy i remonty zgrzewarek wyprodukowanych zar\u00f3wno przez firm\u0119 ASPA, jak i innych producent\u00f3w. W ramach \u015bwiadczonych us\u0142ug zapewniamy: dostosowanie sprz\u0119tu do obecnie obowi\u0105zuj\u0105cych przepis\u00f3w, wymian\u0119 uk\u0142ad\u00f3w sterowania na obecnie produkowane i stosowane, wymian\u0119 uk\u0142ad\u00f3w pneumatycznych, wymian\u0119 osprz\u0119tu w uk\u0142adach ch\u0142odzenia, regeneracj\u0119 obwod\u00f3w wt\u00f3rnych, w [&hellip;]<\/p>\n","protected":false},"author":1,"featured_media":0,"parent":423,"menu_order":0,"comment_status":"closed","ping_status":"closed","template":"template-serwis.php","meta":{"_acf_changed":false,"inline_featured_image":false,"footnotes":""},"class_list":["post-425","page","type-page","status-publish","hentry"],"acf":[],"_links":{"self":[{"href":"https:\/\/www.aspa.pl\/pl\/wp-json\/wp\/v2\/pages\/425"}],"collection":[{"href":"https:\/\/www.aspa.pl\/pl\/wp-json\/wp\/v2\/pages"}],"about":[{"href":"https:\/\/www.aspa.pl\/pl\/wp-json\/wp\/v2\/types\/page"}],"author":[{"embeddable":true,"href":"https:\/\/www.aspa.pl\/pl\/wp-json\/wp\/v2\/users\/1"}],"replies":[{"embeddable":true,"href":"https:\/\/www.aspa.pl\/pl\/wp-json\/wp\/v2\/comments?post=425"}],"version-history":[{"count":25,"href":"https:\/\/www.aspa.pl\/pl\/wp-json\/wp\/v2\/pages\/425\/revisions"}],"predecessor-version":[{"id":2737,"href":"https:\/\/www.aspa.pl\/pl\/wp-json\/wp\/v2\/pages\/425\/revisions\/2737"}],"up":[{"embeddable":true,"href":"https:\/\/www.aspa.pl\/pl\/wp-json\/wp\/v2\/pages\/423"}],"wp:attachment":[{"href":"https:\/\/www.aspa.pl\/pl\/wp-json\/wp\/v2\/media?parent=425"}],"curies":[{"name":"wp","href":"https:\/\/api.w.org\/{rel}","templated":true}]}}