{"id":407,"date":"2020-11-24T23:15:28","date_gmt":"2020-11-24T22:15:28","guid":{"rendered":"https:\/\/www.aspa.pl\/?page_id=407"},"modified":"2024-08-13T15:00:14","modified_gmt":"2024-08-13T13:00:14","slug":"lotnictwo","status":"publish","type":"page","link":"https:\/\/www.aspa.pl\/pl\/produkty\/zgrzewarki-specjalizowane\/lotnictwo\/","title":{"rendered":"Lotnictwo"},"content":{"rendered":"<p>Zgrzewanie poszy\u0107 kad\u0142ub\u00f3w wykonujemy przy u\u017cyciu zgrzewarki punktowej, kt\u00f3ra spe\u0142nia rygorystyczne wymagania przemys\u0142u lotniczego, w tym monitorowanie ka\u017cdej zgrzeiny z raportem parametr\u00f3w. Zgrzewanie aluminium, stali nierdzewnej i tytanu.<\/p>\n<p>&nbsp;<\/p>\n<p><img loading=\"lazy\" decoding=\"async\" class=\"size-medium wp-image-2475 aligncenter\" src=\"https:\/\/www.aspa.pl\/wp-content\/uploads\/2024\/07\/ZPm-400i-300x227.png\" alt=\"\" width=\"300\" height=\"227\" srcset=\"https:\/\/www.aspa.pl\/wp-content\/uploads\/2024\/07\/ZPm-400i-300x227.png 300w, https:\/\/www.aspa.pl\/wp-content\/uploads\/2024\/07\/ZPm-400i-768x580.png 768w, https:\/\/www.aspa.pl\/wp-content\/uploads\/2024\/07\/ZPm-400i-320x242.png 320w, https:\/\/www.aspa.pl\/wp-content\/uploads\/2024\/07\/ZPm-400i.png 901w\" sizes=\"(max-width: 300px) 100vw, 300px\" \/><\/p>\n","protected":false},"excerpt":{"rendered":"<p>Zgrzewanie poszy\u0107 kad\u0142ub\u00f3w wykonujemy przy u\u017cyciu zgrzewarki punktowej, kt\u00f3ra spe\u0142nia rygorystyczne wymagania przemys\u0142u lotniczego, w tym monitorowanie ka\u017cdej zgrzeiny z raportem parametr\u00f3w. Zgrzewanie aluminium, stali nierdzewnej i tytanu. &nbsp;<\/p>\n","protected":false},"author":1,"featured_media":0,"parent":394,"menu_order":0,"comment_status":"closed","ping_status":"closed","template":"template-produkty_kategoria.php","meta":{"_acf_changed":false,"inline_featured_image":false,"footnotes":""},"class_list":["post-407","page","type-page","status-publish","hentry"],"acf":[],"_links":{"self":[{"href":"https:\/\/www.aspa.pl\/pl\/wp-json\/wp\/v2\/pages\/407"}],"collection":[{"href":"https:\/\/www.aspa.pl\/pl\/wp-json\/wp\/v2\/pages"}],"about":[{"href":"https:\/\/www.aspa.pl\/pl\/wp-json\/wp\/v2\/types\/page"}],"author":[{"embeddable":true,"href":"https:\/\/www.aspa.pl\/pl\/wp-json\/wp\/v2\/users\/1"}],"replies":[{"embeddable":true,"href":"https:\/\/www.aspa.pl\/pl\/wp-json\/wp\/v2\/comments?post=407"}],"version-history":[{"count":6,"href":"https:\/\/www.aspa.pl\/pl\/wp-json\/wp\/v2\/pages\/407\/revisions"}],"predecessor-version":[{"id":2735,"href":"https:\/\/www.aspa.pl\/pl\/wp-json\/wp\/v2\/pages\/407\/revisions\/2735"}],"up":[{"embeddable":true,"href":"https:\/\/www.aspa.pl\/pl\/wp-json\/wp\/v2\/pages\/394"}],"wp:attachment":[{"href":"https:\/\/www.aspa.pl\/pl\/wp-json\/wp\/v2\/media?parent=407"}],"curies":[{"name":"wp","href":"https:\/\/api.w.org\/{rel}","templated":true}]}}