{"id":405,"date":"2020-11-24T23:14:48","date_gmt":"2020-11-24T22:14:48","guid":{"rendered":"https:\/\/www.aspa.pl\/?page_id=405"},"modified":"2024-08-13T15:04:08","modified_gmt":"2024-08-13T13:04:08","slug":"kolejnictwo-i-tramwaje","status":"publish","type":"page","link":"https:\/\/www.aspa.pl\/pl\/produkty\/zgrzewarki-specjalizowane\/kolejnictwo-i-tramwaje\/","title":{"rendered":"Kolejnictwo i tramwaje"},"content":{"rendered":"<p>Firma ASPA ma w swoim portfolio szereg maszyn dedykowanych dla bran\u017cy transportowej. Czo\u0142owi polscy i europejscy producenci pojazd\u00f3w komunikacji miejskiej i mi\u0119dzymiejskiej oraz transportu towarowego zg\u0142aszaj\u0105 zapotrzebowanie na zgrzewarki specjalizowane zar\u00f3wno w transporcie masowym, jak i towarowym.<\/p>\n<p>Wykonywane przez nas zgrzewarki do element\u00f3w \u015bcian oraz dach\u00f3w wagon\u00f3w to dow\u00f3d na wieloletnie do\u015bwiadczenie firmy ASPA w zakresie konstrukcji i budowy urz\u0105dze\u0144 z bran\u017cy motoryzacyjnej i transportowej. Stanowiska do zgrzewania \u015bcian i dach\u00f3w wagon\u00f3w wyposa\u017cone w zgrzewarki pr\u0105du sta\u0142ego ZP4PS i ZG6PS s\u0105 najlepszym przyk\u0142adem urz\u0105dze\u0144 budowanych na specjalne zam\u00f3wienie konkretnych Klient\u00f3w.<\/p>\n<p>Zgrzewarki te umo\u017cliwiaj\u0105 zgrzewanie rezystancyjne pr\u0105dem sta\u0142ym materia\u0142\u00f3w trudno zgrzewalnych, w tym niekt\u00f3rych gatunk\u00f3w stali stopowych, mosi\u0105dzu czy aluminium.<br \/>\nZgrzewarka ZP4PS pozwala na zgrzewanie do p\u0142askiej blachy np. \u015bciany wagonu o maksymalnych wymiarach 6 000 mm x 1 000 mm, a tak\u017ce wspornik\u00f3w wzmacniaj\u0105cych, dystansowych i no\u015bnych. Przeznaczony do zgrzewania zesp\u00f3\u0142 (zbudowany z po\u0142\u0105czonych wcze\u015bniej element\u00f3w), zamocowany za pomoc\u0105 zacisk\u00f3w r\u0119cznych, wykonuje przesuw wzd\u0142u\u017cny, a zgrzewarka przesuwa si\u0119 prostopadle do sto\u0142u.<\/p>\n<p>Z kolei zgrzewarka ZP6PS umo\u017cliwia zgrzewanie do p\u0142askiej blachy np. \u015bciany wagonu o maksymalnych wymiarach 18\u00a0000 mm x 2\u00a0200 mm oraz wspornik\u00f3w wzmacniaj\u0105cych, dystansowych i no\u015bnych. Przeznaczony do zgrzewania zesp\u00f3\u0142 (zbudowany z po\u0142\u0105czonych wcze\u015bniej element\u00f3w), zamocowany za pomoc\u0105 zacisk\u00f3w pneumatycznych, wykonuje przesuw wzd\u0142u\u017cny, a zgrzewarka przesuwa si\u0119 prostopadle do sto\u0142u.<\/p>\n<p style=\"text-align: center;\">Poni\u017cej linki do przyk\u0142adowych naszych realizacji :<\/p>\n<p><a href=\"https:\/\/www.youtube.com\/shorts\/p75Z7g8Njpc\"><img loading=\"lazy\" decoding=\"async\" class=\"alignnone wp-image-2412 size-medium\" src=\"https:\/\/www.aspa.pl\/wp-content\/uploads\/2024\/05\/Przechwytywanie-16-167x300.png\" alt=\"\" width=\"167\" height=\"300\" srcset=\"https:\/\/www.aspa.pl\/wp-content\/uploads\/2024\/05\/Przechwytywanie-16-167x300.png 167w, https:\/\/www.aspa.pl\/wp-content\/uploads\/2024\/05\/Przechwytywanie-16-178x320.png 178w, https:\/\/www.aspa.pl\/wp-content\/uploads\/2024\/05\/Przechwytywanie-16.png 242w\" sizes=\"(max-width: 167px) 100vw, 167px\" \/><\/a><\/p>\n<p><a href=\"https:\/\/www.youtube.com\/watch?v=kuyQq5Mzqys&amp;t=80s&amp;ab_channel=ASPARESISTANCEWELDING\"><img loading=\"lazy\" decoding=\"async\" class=\"alignnone wp-image-2378 size-medium\" src=\"https:\/\/www.aspa.pl\/wp-content\/uploads\/2024\/05\/Przechwytywanie-8-300x213.png\" alt=\"\" width=\"300\" height=\"213\" srcset=\"https:\/\/www.aspa.pl\/wp-content\/uploads\/2024\/05\/Przechwytywanie-8-300x213.png 300w, https:\/\/www.aspa.pl\/wp-content\/uploads\/2024\/05\/Przechwytywanie-8-320x227.png 320w, https:\/\/www.aspa.pl\/wp-content\/uploads\/2024\/05\/Przechwytywanie-8.png 328w\" sizes=\"(max-width: 300px) 100vw, 300px\" \/><\/a><\/p>\n<p><a href=\"https:\/\/www.youtube.com\/watch?v=pN_sv5IUf88&amp;t=11s&amp;ab_channel=ASPARESISTANCEWELDING\"><img loading=\"lazy\" decoding=\"async\" class=\"alignnone wp-image-2382 size-medium\" src=\"https:\/\/www.aspa.pl\/wp-content\/uploads\/2024\/05\/Przechwytywanie-9-300x224.png\" alt=\"\" width=\"300\" height=\"224\" srcset=\"https:\/\/www.aspa.pl\/wp-content\/uploads\/2024\/05\/Przechwytywanie-9-300x224.png 300w, https:\/\/www.aspa.pl\/wp-content\/uploads\/2024\/05\/Przechwytywanie-9.png 319w\" sizes=\"(max-width: 300px) 100vw, 300px\" \/><\/a><\/p>\n","protected":false},"excerpt":{"rendered":"<p>Firma ASPA ma w swoim portfolio szereg maszyn dedykowanych dla bran\u017cy transportowej. Czo\u0142owi polscy i europejscy producenci pojazd\u00f3w komunikacji miejskiej i mi\u0119dzymiejskiej oraz transportu towarowego zg\u0142aszaj\u0105 zapotrzebowanie na zgrzewarki specjalizowane zar\u00f3wno w transporcie masowym, jak i towarowym. Wykonywane przez nas zgrzewarki do element\u00f3w \u015bcian oraz dach\u00f3w wagon\u00f3w to dow\u00f3d na wieloletnie do\u015bwiadczenie firmy ASPA w [&hellip;]<\/p>\n","protected":false},"author":1,"featured_media":0,"parent":394,"menu_order":0,"comment_status":"closed","ping_status":"closed","template":"template-produkty_kategoria.php","meta":{"_acf_changed":false,"inline_featured_image":false,"footnotes":""},"class_list":["post-405","page","type-page","status-publish","hentry"],"acf":[],"_links":{"self":[{"href":"https:\/\/www.aspa.pl\/pl\/wp-json\/wp\/v2\/pages\/405"}],"collection":[{"href":"https:\/\/www.aspa.pl\/pl\/wp-json\/wp\/v2\/pages"}],"about":[{"href":"https:\/\/www.aspa.pl\/pl\/wp-json\/wp\/v2\/types\/page"}],"author":[{"embeddable":true,"href":"https:\/\/www.aspa.pl\/pl\/wp-json\/wp\/v2\/users\/1"}],"replies":[{"embeddable":true,"href":"https:\/\/www.aspa.pl\/pl\/wp-json\/wp\/v2\/comments?post=405"}],"version-history":[{"count":15,"href":"https:\/\/www.aspa.pl\/pl\/wp-json\/wp\/v2\/pages\/405\/revisions"}],"predecessor-version":[{"id":2741,"href":"https:\/\/www.aspa.pl\/pl\/wp-json\/wp\/v2\/pages\/405\/revisions\/2741"}],"up":[{"embeddable":true,"href":"https:\/\/www.aspa.pl\/pl\/wp-json\/wp\/v2\/pages\/394"}],"wp:attachment":[{"href":"https:\/\/www.aspa.pl\/pl\/wp-json\/wp\/v2\/media?parent=405"}],"curies":[{"name":"wp","href":"https:\/\/api.w.org\/{rel}","templated":true}]}}