{"id":401,"date":"2020-11-24T23:12:55","date_gmt":"2020-11-24T22:12:55","guid":{"rendered":"https:\/\/www.aspa.pl\/?page_id=401"},"modified":"2024-05-24T09:05:38","modified_gmt":"2024-05-24T07:05:38","slug":"sprzet-agd","status":"publish","type":"page","link":"https:\/\/www.aspa.pl\/pl\/produkty\/zgrzewarki-specjalizowane\/sprzet-agd\/","title":{"rendered":"Sprz\u0119t AGD"},"content":{"rendered":"<p>Zgrzewarki naszej firmy\u00a0znajduj\u0105 szerokie zastosowanie w bran\u017cy AGD przy produkcji podzespo\u0142\u00f3w do wszelkiego rodzaju kuchenek, piec\u00f3w, lod\u00f3wek, pralek, wir\u00f3wek, zmywarek czy ca\u0142ej gamy asortymentu du\u017cych artyku\u0142\u00f3w gospodarstwa domowego. Przy produkcji podzespo\u0142\u00f3w do tych urz\u0105dze\u0144 najcz\u0119\u015bciej stosowane s\u0105 modyfikowane zgrzewarki garbowe i liniowe, ale wykonywane s\u0105 r\u00f3wnie\u017c specjalizowane urz\u0105dzenia zgrzewalnicze i zautomatyzowane stanowiska wyposa\u017cone w roboty przemys\u0142owe.<\/p>\n<p style=\"text-align: center;\">Poni\u017cej linki do przyk\u0142adowych naszych realizacji :<\/p>\n<p><a href=\"https:\/\/www.youtube.com\/watch?v=WaFqBd4YwWk&amp;ab_channel=ASPARESISTANCEWELDING\"><img loading=\"lazy\" decoding=\"async\" class=\"alignnone wp-image-2371 size-medium\" src=\"https:\/\/www.aspa.pl\/wp-content\/uploads\/2024\/05\/Przechwytywanie-6-300x214.png\" alt=\"\" width=\"300\" height=\"214\" srcset=\"https:\/\/www.aspa.pl\/wp-content\/uploads\/2024\/05\/Przechwytywanie-6-300x214.png 300w, https:\/\/www.aspa.pl\/wp-content\/uploads\/2024\/05\/Przechwytywanie-6.png 305w\" sizes=\"(max-width: 300px) 100vw, 300px\" \/><\/a><\/p>\n<p><a href=\"https:\/\/www.youtube.com\/watch?v=i5d0q0Hjkw0&amp;ab_channel=ASPARESISTANCEWELDING\"><img loading=\"lazy\" decoding=\"async\" class=\"alignnone wp-image-2374 size-medium\" src=\"https:\/\/www.aspa.pl\/wp-content\/uploads\/2024\/05\/Przechwytywanie-7-300x220.png\" alt=\"\" width=\"300\" height=\"220\" srcset=\"https:\/\/www.aspa.pl\/wp-content\/uploads\/2024\/05\/Przechwytywanie-7-300x220.png 300w, https:\/\/www.aspa.pl\/wp-content\/uploads\/2024\/05\/Przechwytywanie-7.png 312w\" sizes=\"(max-width: 300px) 100vw, 300px\" \/><\/a><\/p>\n<p><a href=\"https:\/\/www.youtube.com\/watch?v=kQqysbbl8fE&amp;ab_channel=ASPARESISTANCEWELDING\"><img loading=\"lazy\" decoding=\"async\" class=\"alignnone wp-image-2407 size-medium\" src=\"https:\/\/www.aspa.pl\/wp-content\/uploads\/2024\/05\/Przechwytywanie-15-300x199.png\" alt=\"\" width=\"300\" height=\"199\" srcset=\"https:\/\/www.aspa.pl\/wp-content\/uploads\/2024\/05\/Przechwytywanie-15-300x199.png 300w, https:\/\/www.aspa.pl\/wp-content\/uploads\/2024\/05\/Przechwytywanie-15-320x212.png 320w, https:\/\/www.aspa.pl\/wp-content\/uploads\/2024\/05\/Przechwytywanie-15.png 330w\" sizes=\"(max-width: 300px) 100vw, 300px\" \/><\/a><\/p>\n","protected":false},"excerpt":{"rendered":"<p>Zgrzewarki naszej firmy\u00a0znajduj\u0105 szerokie zastosowanie w bran\u017cy AGD przy produkcji podzespo\u0142\u00f3w do wszelkiego rodzaju kuchenek, piec\u00f3w, lod\u00f3wek, pralek, wir\u00f3wek, zmywarek czy ca\u0142ej gamy asortymentu du\u017cych artyku\u0142\u00f3w gospodarstwa domowego. Przy produkcji podzespo\u0142\u00f3w do tych urz\u0105dze\u0144 najcz\u0119\u015bciej stosowane s\u0105 modyfikowane zgrzewarki garbowe i liniowe, ale wykonywane s\u0105 r\u00f3wnie\u017c specjalizowane urz\u0105dzenia zgrzewalnicze i zautomatyzowane stanowiska wyposa\u017cone w roboty [&hellip;]<\/p>\n","protected":false},"author":1,"featured_media":0,"parent":394,"menu_order":0,"comment_status":"closed","ping_status":"closed","template":"template-produkty_kategoria.php","meta":{"_acf_changed":false,"inline_featured_image":false,"footnotes":""},"class_list":["post-401","page","type-page","status-publish","hentry"],"acf":[],"_links":{"self":[{"href":"https:\/\/www.aspa.pl\/pl\/wp-json\/wp\/v2\/pages\/401"}],"collection":[{"href":"https:\/\/www.aspa.pl\/pl\/wp-json\/wp\/v2\/pages"}],"about":[{"href":"https:\/\/www.aspa.pl\/pl\/wp-json\/wp\/v2\/types\/page"}],"author":[{"embeddable":true,"href":"https:\/\/www.aspa.pl\/pl\/wp-json\/wp\/v2\/users\/1"}],"replies":[{"embeddable":true,"href":"https:\/\/www.aspa.pl\/pl\/wp-json\/wp\/v2\/comments?post=401"}],"version-history":[{"count":8,"href":"https:\/\/www.aspa.pl\/pl\/wp-json\/wp\/v2\/pages\/401\/revisions"}],"predecessor-version":[{"id":2411,"href":"https:\/\/www.aspa.pl\/pl\/wp-json\/wp\/v2\/pages\/401\/revisions\/2411"}],"up":[{"embeddable":true,"href":"https:\/\/www.aspa.pl\/pl\/wp-json\/wp\/v2\/pages\/394"}],"wp:attachment":[{"href":"https:\/\/www.aspa.pl\/pl\/wp-json\/wp\/v2\/media?parent=401"}],"curies":[{"name":"wp","href":"https:\/\/api.w.org\/{rel}","templated":true}]}}