{"id":399,"date":"2020-11-24T23:12:30","date_gmt":"2020-11-24T22:12:30","guid":{"rendered":"https:\/\/www.aspa.pl\/?page_id=399"},"modified":"2024-08-13T15:03:47","modified_gmt":"2024-08-13T13:03:47","slug":"automotive","status":"publish","type":"page","link":"https:\/\/www.aspa.pl\/pl\/produkty\/zgrzewarki-specjalizowane\/automotive\/","title":{"rendered":"Automotive"},"content":{"rendered":"<p>Wysokie i bardzo precyzyjne wymagania, jakie producenci samochod\u00f3w stawiaj\u0105 podwykonawcom dostarczaj\u0105cym zgrzewane zespo\u0142y karoserii oraz wyposa\u017cenia, wp\u0142ywaj\u0105 na zapotrzebowanie na specjalistyczne urz\u0105dzenia umo\u017cliwiaj\u0105ce produkcj\u0119 takich element\u00f3w. Celem jest zatem otrzymanie odpowiedniej\u00a0jako\u015bci\u00a0spoin i wymaganej precyzji po\u0142o\u017cenia element\u00f3w wzgl\u0119dem siebie tak, aby zapewnia\u0142y niezawodno\u015b\u0107 i wytrzyma\u0142o\u015b\u0107 ca\u0142ego zespo\u0142u, zgodnie z\u00a0rygorystycznymi\u00a0wymogami norm motoryzacyjnych. Realizacja tego zadania w warunkach produkcji masowej oraz sytuacji, gdy \u2013 r\u00f3wnocze\u015bnie z wymogiem wysokiej jako\u015bci \u2013 k\u0142adzie si\u0119 nacisk na sta\u0142e\u00a0obni\u017canie koszt\u00f3w, poci\u0105ga za sob\u0105 konieczno\u015b\u0107 zastosowania odpowiednich rozwi\u0105za\u0144 technologicznych.<br \/>\nProducenci cz\u0119\u015bci zgrzewanych osi\u0105gaj\u0105 doskona\u0142\u0105 jako\u015b\u0107 przy jednoczesnej redukcji koszt\u00f3w, stosuj\u0105c uniwersalne zgrzewarki ze specjalistycznym oprzyrz\u0105dowaniem, zgrzewarki specjalizowane, jak r\u00f3wnie\u017c stanowiska zrobotyzowane.<\/p>\n<p>G\u0142\u00f3wn\u0105 zalet\u0105 urz\u0105dze\u0144 uniwersalnych jest mo\u017cliwo\u015b\u0107 szybkiego ich przystosowania do wsp\u00f3\u0142pracy z wieloma rodzajami przyrz\u0105d\u00f3w zgrzewalniczych, zapewnienie powtarzalnej, wysokiej jako\u015bci po\u0142\u0105cze\u0144 oraz bezpiecze\u0144stwa obs\u0142ugi. Zgrzewarki takie \u2013 opr\u00f3cz odpowiedniego transformatora zgrzewalniczego oraz mechanizmu docisku elektrod z zespo\u0142em przygotowania spr\u0119\u017conego powietrza \u2013 posiadaj\u0105 rozbudowane systemy sterowania i zabezpiecze\u0144.<\/p>\n<p><a href=\"https:\/\/www.youtube.com\/shorts\/_eyz6oYKOOE\"><img loading=\"lazy\" decoding=\"async\" class=\"wp-image-2117 size-medium aligncenter\" src=\"https:\/\/www.aspa.pl\/wp-content\/uploads\/2024\/05\/0522-169x300.png\" alt=\"\" width=\"169\" height=\"300\" srcset=\"https:\/\/www.aspa.pl\/wp-content\/uploads\/2024\/05\/0522-169x300.png 169w, https:\/\/www.aspa.pl\/wp-content\/uploads\/2024\/05\/0522-576x1024.png 576w, https:\/\/www.aspa.pl\/wp-content\/uploads\/2024\/05\/0522-768x1365.png 768w, https:\/\/www.aspa.pl\/wp-content\/uploads\/2024\/05\/0522-864x1536.png 864w, https:\/\/www.aspa.pl\/wp-content\/uploads\/2024\/05\/0522-180x320.png 180w, https:\/\/www.aspa.pl\/wp-content\/uploads\/2024\/05\/0522.png 1080w\" sizes=\"(max-width: 169px) 100vw, 169px\" \/><\/a><a href=\"https:\/\/www.youtube.com\/watch?v=3PXghzxGcZ0&amp;ab_channel=ASPARESISTANCEWELDING\"><img loading=\"lazy\" decoding=\"async\" class=\"wp-image-2125 size-medium alignright\" src=\"https:\/\/www.aspa.pl\/wp-content\/uploads\/2024\/05\/bmw_4.1.3-300x169.jpg\" alt=\"\" width=\"300\" height=\"169\" srcset=\"https:\/\/www.aspa.pl\/wp-content\/uploads\/2024\/05\/bmw_4.1.3-300x169.jpg 300w, https:\/\/www.aspa.pl\/wp-content\/uploads\/2024\/05\/bmw_4.1.3-1024x576.jpg 1024w, https:\/\/www.aspa.pl\/wp-content\/uploads\/2024\/05\/bmw_4.1.3-768x432.jpg 768w, https:\/\/www.aspa.pl\/wp-content\/uploads\/2024\/05\/bmw_4.1.3-320x180.jpg 320w, https:\/\/www.aspa.pl\/wp-content\/uploads\/2024\/05\/bmw_4.1.3.jpg 1280w\" sizes=\"(max-width: 300px) 100vw, 300px\" \/><\/a> \u00a0 <a href=\"https:\/\/www.youtube.com\/watch?v=Ph4Kal360m8&amp;ab_channel=ASPARESISTANCEWELDING\"><img loading=\"lazy\" decoding=\"async\" class=\"alignleft wp-image-2121 size-medium\" src=\"https:\/\/www.aspa.pl\/wp-content\/uploads\/2024\/05\/katcon_4.1.3-300x169.jpg\" alt=\"\" width=\"300\" height=\"169\" srcset=\"https:\/\/www.aspa.pl\/wp-content\/uploads\/2024\/05\/katcon_4.1.3-300x169.jpg 300w, https:\/\/www.aspa.pl\/wp-content\/uploads\/2024\/05\/katcon_4.1.3-1024x576.jpg 1024w, https:\/\/www.aspa.pl\/wp-content\/uploads\/2024\/05\/katcon_4.1.3-768x432.jpg 768w, https:\/\/www.aspa.pl\/wp-content\/uploads\/2024\/05\/katcon_4.1.3-320x180.jpg 320w, https:\/\/www.aspa.pl\/wp-content\/uploads\/2024\/05\/katcon_4.1.3.jpg 1280w\" sizes=\"(max-width: 300px) 100vw, 300px\" \/><\/a><\/p>\n<h6 style=\"text-align: center;\">Przyk\u0142ady realizacji projekt\u00f3w dla bran\u017cy samochodowej<\/h6>\n<p>&nbsp;<\/p>\n<p>System sterowania kieruje poszczeg\u00f3lnymi funkcjami wysoko specjalizowanych podzespo\u0142\u00f3w maszyny. Ca\u0142o\u015b\u0107 systemu sterowania nadzorowana jest przez sterownik PLC. Zgodnie z zasad\u0105 upraszczania obs\u0142ugi, w urz\u0105dzeniach tych stosuje si\u0119 rozbudowany system samokontroli i proste, intuicyjne interfejsy. Sterowniki odpowiedzialne za przep\u0142yw pr\u0105du zgrzewania, jego wielko\u015b\u0107, kszta\u0142t i czas przep\u0142ywu mog\u0105 pracowa\u0107 we wsp\u00f3lnej sieci, wsp\u00f3\u0142pracowa\u0107 z zaworami proporcjonalnymi oraz umo\u017cliwia\u0107 archiwizacj\u0119 danych produkcyjnych. Typ sterownika nadrz\u0119dnego PLC dobierany jest w zale\u017cno\u015bci od liczby cz\u0142on\u00f3w wykonawczych w zgrzewarce i jej oprzyrz\u0105dowaniu. Podobnie dobierany jest s\u0142u\u017c\u0105cy do komunikacji u\u017cytkownika z PLC panel operatorski. By praca zgrzewarek by\u0142a bezpieczna dla obs\u0142uguj\u0105cych j\u0105 os\u00f3b oraz otoczenia, zar\u00f3wno zespo\u0142y zgrzewaj\u0105ce, jak i oprzyrz\u0105dowanie os\u0142oni\u0119te s\u0105 siatkami metalowymi i os\u0142onami z tworzywa, a w czasie trwania procesu dost\u0119p do strefy zgrzewania chroni specjalna bariera optyczna.<\/p>\n<p>Przyk\u0142adem uniwersalnej zgrzewarki z oprzyrz\u0105dowaniem jest wykonywana w ASPA zgrzewarka garbowa\u00a0ZGm-250, przystosowana do wsp\u00f3\u0142pracy z r\u00f3\u017cnymi przyrz\u0105dami do zgrzewania element\u00f3w foteli samochod\u00f3w osobowych. Najwi\u0119kszy z dotychczas zaprojektowanych i wykonanych w ASPA przyrz\u0105d\u00f3w mia\u0142 szeroko\u015b\u0107 ok. 2 200 mm. Wykonywane z miedzi stopowej korpusy przyrz\u0105d\u00f3w s\u0105 ch\u0142odzone wod\u0105. Do korpus\u00f3w tych mocowane s\u0105 sta\u0142e lub ruchome elementy bazuj\u0105ce, utrzymuj\u0105ce po\u017c\u0105dane po\u0142o\u017cenie detali oraz zaciski pneumatyczne lub r\u0119czne. Zaciski zapobiegaj\u0105 przemieszczaniu si\u0119 zgrzewanych detali wzgl\u0119dem siebie. W zale\u017cno\u015bci od potrzeb i wymaga\u0144 Klienta w przyrz\u0105dach umieszczane s\u0105\u00a0r\u0119czne\u00a0lub\u00a0pneumatyczne\u00a0wyrzutniki zgrzanych element\u00f3w, a tak\u017ce czujniki sygnalizuj\u0105ce obecno\u015b\u0107 i prawid\u0142owo\u015b\u0107 zamocowania do przyrz\u0105du zgrzewanych detali. W przypadku wyst\u0105pienia jakichkolwiek nieprawid\u0142owo\u015bci czujniki te uniemo\u017cliwiaj\u0105 uruchomienie zgrzewarki. Pozwala to nie tylko ograniczy\u0107 do minimum b\u0142\u0119dy operatora, a co za tym idzie \u2013 zminimalizowa\u0107 ilo\u015b\u0107 wadliwych element\u00f3w. Aby\u00a0u\u0142atwi\u0107\u00a0wymian\u0119 przyrz\u0105d\u00f3w w zgrzewarce stosuje si\u0119 rozmaite rozwi\u0105zania u\u0142atwiaj\u0105ce pozycjonowanie i mocowanie przyrz\u0105du na zgrzewarce. Po mechanicznym zamocowaniu przyrz\u0105d\u00f3w, pod\u0142\u0105czeniu szybkoz\u0142\u0105czek instalacji pneumatycznej i\u00a0ch\u0142odzenia\u00a0wodnego\u00a0oraz wtyczki sterowniczej do gniazda na przyrz\u0105dzie jest on automatycznie identyfikowany przez zgrzewark\u0119 i wybierane s\u0105 odpowiednie parametry zgrzewania.<\/p>\n<h6 style=\"text-align: center;\">Linki do film\u00f3w z naszych realizacji projekt\u00f3w dla bran\u017cy automotive<\/h6>\n<p>&nbsp;<\/p>\n<p><a href=\"https:\/\/www.youtube.com\/watch?v=FobgLhvTW4Y&amp;t=56s&amp;ab_channel=ASPARESISTANCEWELDING\"><img loading=\"lazy\" decoding=\"async\" class=\"wp-image-2163 size-medium alignnone\" src=\"https:\/\/www.aspa.pl\/wp-content\/uploads\/2024\/05\/FOUR-POINT-WELDING-STATION-ZPm-180i10_1.29.1-300x169.jpg\" alt=\"\" width=\"300\" height=\"169\" srcset=\"https:\/\/www.aspa.pl\/wp-content\/uploads\/2024\/05\/FOUR-POINT-WELDING-STATION-ZPm-180i10_1.29.1-300x169.jpg 300w, https:\/\/www.aspa.pl\/wp-content\/uploads\/2024\/05\/FOUR-POINT-WELDING-STATION-ZPm-180i10_1.29.1-1024x576.jpg 1024w, https:\/\/www.aspa.pl\/wp-content\/uploads\/2024\/05\/FOUR-POINT-WELDING-STATION-ZPm-180i10_1.29.1-768x432.jpg 768w, https:\/\/www.aspa.pl\/wp-content\/uploads\/2024\/05\/FOUR-POINT-WELDING-STATION-ZPm-180i10_1.29.1-320x180.jpg 320w, https:\/\/www.aspa.pl\/wp-content\/uploads\/2024\/05\/FOUR-POINT-WELDING-STATION-ZPm-180i10_1.29.1.jpg 1280w\" sizes=\"(max-width: 300px) 100vw, 300px\" \/><\/a><\/p>\n<p><a href=\"https:\/\/www.youtube.com\/watch?v=3Ehuf5E74P8&amp;t=4s&amp;ab_channel=ASPARESISTANCEWELDING\"><img loading=\"lazy\" decoding=\"async\" class=\"wp-image-2170 size-medium alignnone\" src=\"https:\/\/www.aspa.pl\/wp-content\/uploads\/2024\/05\/Untitled_1.16.1-300x169.jpg\" alt=\"\" width=\"300\" height=\"169\" srcset=\"https:\/\/www.aspa.pl\/wp-content\/uploads\/2024\/05\/Untitled_1.16.1-300x169.jpg 300w, https:\/\/www.aspa.pl\/wp-content\/uploads\/2024\/05\/Untitled_1.16.1-1024x576.jpg 1024w, https:\/\/www.aspa.pl\/wp-content\/uploads\/2024\/05\/Untitled_1.16.1-768x432.jpg 768w, https:\/\/www.aspa.pl\/wp-content\/uploads\/2024\/05\/Untitled_1.16.1-1536x864.jpg 1536w, https:\/\/www.aspa.pl\/wp-content\/uploads\/2024\/05\/Untitled_1.16.1-320x180.jpg 320w, https:\/\/www.aspa.pl\/wp-content\/uploads\/2024\/05\/Untitled_1.16.1.jpg 1920w\" sizes=\"(max-width: 300px) 100vw, 300px\" \/><\/a><\/p>\n<p><a href=\"https:\/\/www.youtube.com\/watch?v=fFWq9CmZk1I&amp;ab_channel=ASPARESISTANCEWELDING\"><img loading=\"lazy\" decoding=\"async\" class=\"wp-image-2167 size-medium alignnone\" src=\"https:\/\/www.aspa.pl\/wp-content\/uploads\/2024\/05\/Untitled_1.7.1-300x169.jpg\" alt=\"\" width=\"300\" height=\"169\" srcset=\"https:\/\/www.aspa.pl\/wp-content\/uploads\/2024\/05\/Untitled_1.7.1-300x169.jpg 300w, https:\/\/www.aspa.pl\/wp-content\/uploads\/2024\/05\/Untitled_1.7.1-1024x576.jpg 1024w, https:\/\/www.aspa.pl\/wp-content\/uploads\/2024\/05\/Untitled_1.7.1-768x432.jpg 768w, https:\/\/www.aspa.pl\/wp-content\/uploads\/2024\/05\/Untitled_1.7.1-1536x864.jpg 1536w, https:\/\/www.aspa.pl\/wp-content\/uploads\/2024\/05\/Untitled_1.7.1-320x180.jpg 320w, https:\/\/www.aspa.pl\/wp-content\/uploads\/2024\/05\/Untitled_1.7.1.jpg 1920w\" sizes=\"(max-width: 300px) 100vw, 300px\" \/><\/a><\/p>\n<p><a href=\"https:\/\/www.youtube.com\/watch?v=kNmAENUoUZk&amp;ab_channel=ASPARESISTANCEWELDING\"><img loading=\"lazy\" decoding=\"async\" class=\"wp-image-2347 size-medium alignnone\" src=\"https:\/\/www.aspa.pl\/wp-content\/uploads\/2024\/05\/Przechwytywanie-2-300x219.png\" alt=\"\" width=\"300\" height=\"219\" srcset=\"https:\/\/www.aspa.pl\/wp-content\/uploads\/2024\/05\/Przechwytywanie-2-300x219.png 300w, https:\/\/www.aspa.pl\/wp-content\/uploads\/2024\/05\/Przechwytywanie-2.png 305w\" sizes=\"(max-width: 300px) 100vw, 300px\" \/><\/a><\/p>\n<p><a href=\"https:\/\/www.youtube.com\/watch?v=mdqx_xpFyaY&amp;t=2s&amp;ab_channel=ASPARESISTANCEWELDING\"><img loading=\"lazy\" decoding=\"async\" class=\"alignnone wp-image-2351 size-medium\" src=\"https:\/\/www.aspa.pl\/wp-content\/uploads\/2024\/05\/Przechwytywanie-3-300x193.png\" alt=\"\" width=\"300\" height=\"193\" srcset=\"https:\/\/www.aspa.pl\/wp-content\/uploads\/2024\/05\/Przechwytywanie-3-300x193.png 300w, https:\/\/www.aspa.pl\/wp-content\/uploads\/2024\/05\/Przechwytywanie-3.png 306w\" sizes=\"(max-width: 300px) 100vw, 300px\" \/><\/a><\/p>\n<p><a href=\"https:\/\/www.youtube.com\/watch?v=K6DtSiPsLzU&amp;t=183s&amp;ab_channel=ASPARESISTANCEWELDING\"><img loading=\"lazy\" decoding=\"async\" class=\"wp-image-2355 size-medium alignnone\" src=\"https:\/\/www.aspa.pl\/wp-content\/uploads\/2024\/05\/Przechwytywanie-4-300x219.png\" alt=\"\" width=\"300\" height=\"219\" srcset=\"https:\/\/www.aspa.pl\/wp-content\/uploads\/2024\/05\/Przechwytywanie-4-300x219.png 300w, https:\/\/www.aspa.pl\/wp-content\/uploads\/2024\/05\/Przechwytywanie-4.png 305w\" sizes=\"(max-width: 300px) 100vw, 300px\" \/><\/a><\/p>\n<p><a href=\"https:\/\/www.youtube.com\/watch?v=1QLTxI3G2bo&amp;ab_channel=ASPARESISTANCEWELDING\"><img loading=\"lazy\" decoding=\"async\" class=\"alignnone wp-image-2367 size-medium\" src=\"https:\/\/www.aspa.pl\/wp-content\/uploads\/2024\/05\/Przechwytywanie-5-300x221.png\" alt=\"\" width=\"300\" height=\"221\" srcset=\"https:\/\/www.aspa.pl\/wp-content\/uploads\/2024\/05\/Przechwytywanie-5-300x221.png 300w, https:\/\/www.aspa.pl\/wp-content\/uploads\/2024\/05\/Przechwytywanie-5.png 305w\" sizes=\"(max-width: 300px) 100vw, 300px\" \/><\/a><\/p>\n<p><a href=\"https:\/\/www.youtube.com\/watch?v=9QE3YdHXd2c&amp;ab_channel=ASPARESISTANCEWELDING\"><img loading=\"lazy\" decoding=\"async\" class=\"alignnone wp-image-2386 size-medium\" src=\"https:\/\/www.aspa.pl\/wp-content\/uploads\/2024\/05\/Przechwytywanie-10-300x215.png\" alt=\"\" width=\"300\" height=\"215\" srcset=\"https:\/\/www.aspa.pl\/wp-content\/uploads\/2024\/05\/Przechwytywanie-10-300x215.png 300w, https:\/\/www.aspa.pl\/wp-content\/uploads\/2024\/05\/Przechwytywanie-10-320x229.png 320w, https:\/\/www.aspa.pl\/wp-content\/uploads\/2024\/05\/Przechwytywanie-10.png 325w\" sizes=\"(max-width: 300px) 100vw, 300px\" \/><\/a><\/p>\n<p><a href=\"https:\/\/www.youtube.com\/watch?v=7Bjh-5FpSNQ&amp;t=71s&amp;ab_channel=ASPARESISTANCEWELDING\"><img loading=\"lazy\" decoding=\"async\" class=\"alignnone wp-image-2391 size-medium\" src=\"https:\/\/www.aspa.pl\/wp-content\/uploads\/2024\/05\/Przechwytywanie-11-300x225.png\" alt=\"\" width=\"300\" height=\"225\" srcset=\"https:\/\/www.aspa.pl\/wp-content\/uploads\/2024\/05\/Przechwytywanie-11-300x225.png 300w, https:\/\/www.aspa.pl\/wp-content\/uploads\/2024\/05\/Przechwytywanie-11.png 321w\" sizes=\"(max-width: 300px) 100vw, 300px\" \/><\/a><\/p>\n<p><a href=\"https:\/\/www.youtube.com\/watch?v=M-lsU1fS30g&amp;t=77s&amp;ab_channel=ASPARESISTANCEWELDING\"><img loading=\"lazy\" decoding=\"async\" class=\"alignnone wp-image-2437 size-medium\" src=\"https:\/\/www.aspa.pl\/wp-content\/uploads\/2024\/05\/Przechwytywanie-22-300x228.png\" alt=\"\" width=\"300\" height=\"228\" srcset=\"https:\/\/www.aspa.pl\/wp-content\/uploads\/2024\/05\/Przechwytywanie-22-300x228.png 300w, https:\/\/www.aspa.pl\/wp-content\/uploads\/2024\/05\/Przechwytywanie-22-320x243.png 320w, https:\/\/www.aspa.pl\/wp-content\/uploads\/2024\/05\/Przechwytywanie-22.png 326w\" sizes=\"(max-width: 300px) 100vw, 300px\" \/><\/a><\/p>\n","protected":false},"excerpt":{"rendered":"<p>Wysokie i bardzo precyzyjne wymagania, jakie producenci samochod\u00f3w stawiaj\u0105 podwykonawcom dostarczaj\u0105cym zgrzewane zespo\u0142y karoserii oraz wyposa\u017cenia, wp\u0142ywaj\u0105 na zapotrzebowanie na specjalistyczne urz\u0105dzenia umo\u017cliwiaj\u0105ce produkcj\u0119 takich element\u00f3w. Celem jest zatem otrzymanie odpowiedniej\u00a0jako\u015bci\u00a0spoin i wymaganej precyzji po\u0142o\u017cenia element\u00f3w wzgl\u0119dem siebie tak, aby zapewnia\u0142y niezawodno\u015b\u0107 i wytrzyma\u0142o\u015b\u0107 ca\u0142ego zespo\u0142u, zgodnie z\u00a0rygorystycznymi\u00a0wymogami norm motoryzacyjnych. Realizacja tego zadania w warunkach [&hellip;]<\/p>\n","protected":false},"author":1,"featured_media":0,"parent":394,"menu_order":0,"comment_status":"closed","ping_status":"closed","template":"template-produkty_kategoria.php","meta":{"_acf_changed":false,"inline_featured_image":false,"footnotes":""},"class_list":["post-399","page","type-page","status-publish","hentry"],"acf":[],"_links":{"self":[{"href":"https:\/\/www.aspa.pl\/pl\/wp-json\/wp\/v2\/pages\/399"}],"collection":[{"href":"https:\/\/www.aspa.pl\/pl\/wp-json\/wp\/v2\/pages"}],"about":[{"href":"https:\/\/www.aspa.pl\/pl\/wp-json\/wp\/v2\/types\/page"}],"author":[{"embeddable":true,"href":"https:\/\/www.aspa.pl\/pl\/wp-json\/wp\/v2\/users\/1"}],"replies":[{"embeddable":true,"href":"https:\/\/www.aspa.pl\/pl\/wp-json\/wp\/v2\/comments?post=399"}],"version-history":[{"count":43,"href":"https:\/\/www.aspa.pl\/pl\/wp-json\/wp\/v2\/pages\/399\/revisions"}],"predecessor-version":[{"id":2740,"href":"https:\/\/www.aspa.pl\/pl\/wp-json\/wp\/v2\/pages\/399\/revisions\/2740"}],"up":[{"embeddable":true,"href":"https:\/\/www.aspa.pl\/pl\/wp-json\/wp\/v2\/pages\/394"}],"wp:attachment":[{"href":"https:\/\/www.aspa.pl\/pl\/wp-json\/wp\/v2\/media?parent=399"}],"curies":[{"name":"wp","href":"https:\/\/api.w.org\/{rel}","templated":true}]}}