{"id":397,"date":"2020-11-24T23:11:41","date_gmt":"2020-11-24T22:11:41","guid":{"rendered":"https:\/\/www.aspa.pl\/?page_id=397"},"modified":"2024-09-03T21:48:30","modified_gmt":"2024-09-03T19:48:30","slug":"branza-budowlana","status":"publish","type":"page","link":"https:\/\/www.aspa.pl\/pl\/produkty\/zgrzewarki-specjalizowane\/branza-budowlana\/","title":{"rendered":"Bran\u017ca budowlana"},"content":{"rendered":"<p class=\"cvGsUA direction-ltr align-justify para-style-body\"><span class=\"OYPEnA text-decoration-none text-strikethrough-none\">ASPA specjalizuje si\u0119 tak\u017ce w projektowaniu i produkcji specjalistycznych maszyn do zgrzewania oporowego, oferuj\u0105c zar\u00f3wno w pe\u0142ni zautomatyzowane rozwi\u0105zania, jak i<\/span> <span class=\"OYPEnA text-decoration-none text-strikethrough-none\">dostosowane, zindywidualizowane wersje. W oparciu o szczeg\u00f3\u0142owe wymagania klient\u00f3w oraz analiz\u0119 przedstawionych rysunk\u00f3w komponent\u00f3w przeznaczonych do zgrzewania, nasi in\u017cynierowie s\u0105 w stanie proponowa\u0107 optymalne rozwi\u0105zania, doskonale odpowiadaj\u0105ce na wszelkie potrzeby zwi\u0105zane z urz\u0105dzeniami oporowymi lub automatyzacj\u0105.<\/span><\/p>\n<p><a href=\"https:\/\/www.youtube.com\/watch?v=oRDNxLoaI4g&amp;t=37s&amp;ab_channel=ASPARESISTANCEWELDING\"><img loading=\"lazy\" decoding=\"async\" class=\"aligncenter wp-image-2026 size-full\" src=\"https:\/\/www.aspa.pl\/wp-content\/uploads\/2024\/05\/Projekt-bez-nazwy-4-e1716363306758.png\" alt=\"\" width=\"1920\" height=\"488\" \/><\/a><\/p>\n<p class=\"cvGsUA direction-ltr align-justify para-style-body\"><span class=\"OYPEnA text-decoration-none text-strikethrough-none\">ZGRZEWARKI WIELOPUNKTOWE\/MULTI-SPOT WELDERS<\/span><\/p>\n<p class=\"cvGsUA direction-ltr align-justify para-style-body\"><span class=\"OYPEnA text-decoration-none text-strikethrough-none\">Jednym ze specjalizowanych urz\u0105dze\u0144 produkowanych przez<\/span> <span class=\"OYPEnA text-decoration-none text-strikethrough-none\">ASPA s\u0105 zgrzewarki wielopunktowe do siatek stalowych wykonywanych z pr\u0119t\u00f3w zbrojeniowych, g\u0142adkich lub \u017cebrowanych. Siatki takie znajduj\u0105 zastosowanie w przemy\u015ble budowlanym i g\u00f3rnictwie. Konstrukcja zgrzewarek jest dostosowana do specyficznych zada\u0144 i parametr\u00f3w dyktowanych przez odbiorc\u0119.<\/span><\/p>\n<p class=\"cvGsUA direction-ltr align-justify para-style-body\"><span class=\"OYPEnA text-decoration-none text-strikethrough-none\">Korpus zgrzewarki posiada konstrukcj\u0119 bramow\u0105. Belka g\u00f3rna wyposa\u017cona jest w prowadnic\u0119 z zespo\u0142em uk\u0142ad\u00f3w dociskowych. Uk\u0142ady mocowane s\u0105 w spos\u00f3b umo\u017cliwiaj\u0105cy ich p\u0142ynne przesuwanie oraz zdejmowanie, co pozwala na przygotowanie maszyny do zgrzewania siatek o r\u00f3\u017cnych rozstawach pr\u0119t\u00f3w wzd\u0142u\u017cnych.<\/span><\/p>\n<p class=\"cvGsUA direction-ltr align-justify para-style-body\"><span class=\"OYPEnA text-decoration-none text-strikethrough-none\">W zgrzewarkach zastosowano automatyczny mechanizm przesuwu siatki po\u0142\u0105czony z pneumatycznymi zespo\u0142ami zacisku siatki. Urz\u0105dzenie chwyta za przygrzany pr\u0119t poprzeczny i wyci\u0105ga zgrzewan\u0105 siatk\u0119 spod elektrod o zadan\u0105 wielko\u015b\u0107 oczka. Po zako\u0144czeniu cyklu siatka zostaje wyci\u0105gni\u0119ta z obszaru zgrzewania i spoczywa na belkach sto\u0142u odbiorczego.\u00a0 <\/span><\/p>\n<p class=\"cvGsUA direction-ltr align-justify para-style-body\"><span class=\"OYPEnA text-decoration-none text-strikethrough-none\">W zale\u017cno\u015bci od wymaga\u0144 klienta zgrzewarka mo\u017ce by\u0107 wyposa\u017cona w podajnik pr\u0119t\u00f3w poprzecznych i wzd\u0142u\u017cnych, kt\u00f3ry umo\u017cliwia automatyczne podawanie pojedynczych pr\u0119t\u00f3w pomi\u0119dzy elektrody. Podajnik mo\u017ce by\u0107 wyposa\u017cony w kilka kom\u00f3r do podawania r\u00f3\u017cnej \u015brednicy pr\u0119t\u00f3w.<\/span><\/p>\n<p class=\"cvGsUA direction-ltr align-justify para-style-body\"><span class=\"OYPEnA text-decoration-none text-strikethrough-none\">Uk\u0142ad energetyczny zgrzewarki sk\u0142ada si\u0119 z obwod\u00f3w mocy oraz obwod\u00f3w automatyki i sterowania, kt\u00f3re s\u0105 umieszczone w wolnostoj\u0105cej szafie sterowniczej. W sk\u0142ad g\u0142\u00f3wnych element\u00f3w obwodu mocy wchodz\u0105 transformatory zgrzewalnicze produkcji ASPY. Podstawowym elementem obwodu automatyki jest sterownik nadrz\u0119dny, spinaj\u0105cy w ca\u0142o\u015b\u0107 wszystkie obwody automatyki. Do sterowania tyrystorami s\u0142u\u017c\u0105 mikroprocesorowe uk\u0142ady sterowania parametrami zgrzewania produkcji ASPY. Szafa zawiera r\u00f3wnie\u017c sterownik mechanizmu przesuwu siatki.<\/span><\/p>\n<p style=\"text-align: center;\">Linki do naszych realizacji projekt\u00f3w w bran\u017cy budowlanej<\/p>\n<p><a href=\"https:\/\/www.youtube.com\/watch?v=wf-RBGKYHYY&amp;t=4s&amp;ab_channel=ASPARESISTANCEWELDING\"><img loading=\"lazy\" decoding=\"async\" class=\"alignnone wp-image-2398 size-medium\" src=\"https:\/\/www.aspa.pl\/wp-content\/uploads\/2024\/05\/Przechwytywanie-13-300x207.png\" alt=\"\" width=\"300\" height=\"207\" srcset=\"https:\/\/www.aspa.pl\/wp-content\/uploads\/2024\/05\/Przechwytywanie-13-300x207.png 300w, https:\/\/www.aspa.pl\/wp-content\/uploads\/2024\/05\/Przechwytywanie-13-320x221.png 320w, https:\/\/www.aspa.pl\/wp-content\/uploads\/2024\/05\/Przechwytywanie-13.png 324w\" sizes=\"(max-width: 300px) 100vw, 300px\" \/><\/a><\/p>\n<p><a href=\"https:\/\/www.youtube.com\/watch?v=8ltLQ5TUtwA&amp;ab_channel=ASPARESISTANCEWELDING\"><img loading=\"lazy\" decoding=\"async\" class=\"alignnone wp-image-2402 size-medium\" src=\"https:\/\/www.aspa.pl\/wp-content\/uploads\/2024\/05\/Przechwytywanie-14-300x209.png\" alt=\"\" width=\"300\" height=\"209\" srcset=\"https:\/\/www.aspa.pl\/wp-content\/uploads\/2024\/05\/Przechwytywanie-14-300x209.png 300w, https:\/\/www.aspa.pl\/wp-content\/uploads\/2024\/05\/Przechwytywanie-14.png 321w\" sizes=\"(max-width: 300px) 100vw, 300px\" \/><\/a><\/p>\n<p><a href=\"https:\/\/www.youtube.com\/watch?v=nPkooiN8QS4&amp;ab_channel=ASPARESISTANCEWELDING\"><img loading=\"lazy\" decoding=\"async\" class=\"alignnone wp-image-2395 size-medium\" src=\"https:\/\/www.aspa.pl\/wp-content\/uploads\/2024\/05\/Przechwytywanie-12-300x213.png\" alt=\"\" width=\"300\" height=\"213\" srcset=\"https:\/\/www.aspa.pl\/wp-content\/uploads\/2024\/05\/Przechwytywanie-12-300x213.png 300w, https:\/\/www.aspa.pl\/wp-content\/uploads\/2024\/05\/Przechwytywanie-12.png 320w\" sizes=\"(max-width: 300px) 100vw, 300px\" \/><\/a><\/p>\n<p><a href=\"https:\/\/www.youtube.com\/watch?v=oRDNxLoaI4g&amp;t=39s&amp;ab_channel=ASPARESISTANCEWELDING\"><img loading=\"lazy\" decoding=\"async\" class=\"alignnone wp-image-2433 size-medium\" src=\"https:\/\/www.aspa.pl\/wp-content\/uploads\/2024\/05\/Przechwytywanie-21-300x221.png\" alt=\"\" width=\"300\" height=\"221\" srcset=\"https:\/\/www.aspa.pl\/wp-content\/uploads\/2024\/05\/Przechwytywanie-21-300x221.png 300w, https:\/\/www.aspa.pl\/wp-content\/uploads\/2024\/05\/Przechwytywanie-21.png 321w\" sizes=\"(max-width: 300px) 100vw, 300px\" \/><\/a><\/p>\n","protected":false},"excerpt":{"rendered":"<p>ASPA specjalizuje si\u0119 tak\u017ce w projektowaniu i produkcji specjalistycznych maszyn do zgrzewania oporowego, oferuj\u0105c zar\u00f3wno w pe\u0142ni zautomatyzowane rozwi\u0105zania, jak i dostosowane, zindywidualizowane wersje. W oparciu o szczeg\u00f3\u0142owe wymagania klient\u00f3w oraz analiz\u0119 przedstawionych rysunk\u00f3w komponent\u00f3w przeznaczonych do zgrzewania, nasi in\u017cynierowie s\u0105 w stanie proponowa\u0107 optymalne rozwi\u0105zania, doskonale odpowiadaj\u0105ce na wszelkie potrzeby zwi\u0105zane z urz\u0105dzeniami oporowymi [&hellip;]<\/p>\n","protected":false},"author":1,"featured_media":0,"parent":394,"menu_order":0,"comment_status":"closed","ping_status":"closed","template":"template-produkty_kategoria.php","meta":{"_acf_changed":false,"inline_featured_image":false,"footnotes":""},"class_list":["post-397","page","type-page","status-publish","hentry"],"acf":[],"_links":{"self":[{"href":"https:\/\/www.aspa.pl\/pl\/wp-json\/wp\/v2\/pages\/397"}],"collection":[{"href":"https:\/\/www.aspa.pl\/pl\/wp-json\/wp\/v2\/pages"}],"about":[{"href":"https:\/\/www.aspa.pl\/pl\/wp-json\/wp\/v2\/types\/page"}],"author":[{"embeddable":true,"href":"https:\/\/www.aspa.pl\/pl\/wp-json\/wp\/v2\/users\/1"}],"replies":[{"embeddable":true,"href":"https:\/\/www.aspa.pl\/pl\/wp-json\/wp\/v2\/comments?post=397"}],"version-history":[{"count":26,"href":"https:\/\/www.aspa.pl\/pl\/wp-json\/wp\/v2\/pages\/397\/revisions"}],"predecessor-version":[{"id":2436,"href":"https:\/\/www.aspa.pl\/pl\/wp-json\/wp\/v2\/pages\/397\/revisions\/2436"}],"up":[{"embeddable":true,"href":"https:\/\/www.aspa.pl\/pl\/wp-json\/wp\/v2\/pages\/394"}],"wp:attachment":[{"href":"https:\/\/www.aspa.pl\/pl\/wp-json\/wp\/v2\/media?parent=397"}],"curies":[{"name":"wp","href":"https:\/\/api.w.org\/{rel}","templated":true}]}}