{"id":388,"date":"2020-11-24T23:08:45","date_gmt":"2020-11-24T22:08:45","guid":{"rendered":"https:\/\/www.aspa.pl\/?page_id=388"},"modified":"2024-09-02T20:19:17","modified_gmt":"2024-09-02T18:19:17","slug":"zgrzewarki-kleszczowe","status":"publish","type":"page","link":"https:\/\/www.aspa.pl\/pl\/produkty\/zgrzewarki-standardowe\/zgrzewarki-kleszczowe\/","title":{"rendered":"Zgrzewarki kleszczowe"},"content":{"rendered":"<p>Zgrzewarki kleszczowe to typ pneumatycznych zgrzewarek punktowych wyposa\u017conych w transformator zamontowany przy kleszczach przemieszczanych r\u0119cznie przez operatora. Urz\u0105dzenia te przeznaczone s\u0105 do punktowego zgrzewania blach ze stali niskow\u0119glowej oraz stopowej, w szczeg\u00f3lno\u015bci przestrzennych element\u00f3w trudnych do umieszczenia na zgrzewarce stacjonarnej. Do sterowania zgrzewark\u0105 s\u0142u\u017cy mikroprocesorowy uk\u0142ad sterowania, kt\u00f3ry posiada regulacj\u0119 si\u0142\u0119 docisku elektrod, a tak\u017ce pr\u0119dko\u015bci ich otwierania i zamykania. Dzi\u0119ki zawieszeniu obrotowemu mo\u017cliwy jest obr\u00f3t zgrzewad\u0142a o 360 stopni (w jego osi). Zgrzewad\u0142o wyposa\u017cone jest w miedziane kleszcze ch\u0142odzone wod\u0105, dzi\u0119ki czemu z powodzeniem mo\u017ce pracowa\u0107 przy du\u017cych obci\u0105\u017ceniach.<\/p>\n<p><strong>Szczeg\u00f3\u0142y techniczne<\/strong><\/p>\n<ul>\n<li>Zawieszenie \u017cyroskopowe na uszczelnionych \u0142o\u017cyskach zapewnia \u0142atwy obr\u00f3t kleszczy i zwrotno\u015b\u0107 w dowolnej pozycji<\/li>\n<li>Elementy pneumatyki nie wymagaj\u0105ce smarowania i eliminuj\u0105ce wyrzut mg\u0142y olejowej<\/li>\n<li>Ch\u0142odzony wod\u0105 transformator i obw\u00f3d wt\u00f3rny , tj. elektrody, uchwyty elektrod i ramiona zgrzewarki<\/li>\n<li>Zawory d\u0142awi\u0105co zwrotne kontroluj\u0105ce pr\u0119dko\u015b\u0107 elektrod, oraz t\u0142umiki upustu spr\u0119\u017conego powietrza ograniczaj\u0105ce poziom ha\u0142asu<\/li>\n<li>Si\u0142a elektrody regulowana za pomoc\u0105 zespo\u0142u reduktora ci\u015bnienia<\/li>\n<li>Wy\u0142\u0105cznik bezpiecze\u0144stwa natychmiast wy\u0142\u0105czaj\u0105cy zgrzewark\u0119<\/li>\n<li>Mo\u017cliwo\u015b\u0107 adaptacji do specyfikacji klienta tj. specjalizowane : mocowania, elektrody, wysi\u0119gi<\/li>\n<li>Znak CE<\/li>\n<\/ul>\n","protected":false},"excerpt":{"rendered":"<p>Zgrzewarki kleszczowe to typ pneumatycznych zgrzewarek punktowych wyposa\u017conych w transformator zamontowany przy kleszczach przemieszczanych r\u0119cznie przez operatora. Urz\u0105dzenia te przeznaczone s\u0105 do punktowego zgrzewania blach ze stali niskow\u0119glowej oraz stopowej, w szczeg\u00f3lno\u015bci przestrzennych element\u00f3w trudnych do umieszczenia na zgrzewarce stacjonarnej. Do sterowania zgrzewark\u0105 s\u0142u\u017cy mikroprocesorowy uk\u0142ad sterowania, kt\u00f3ry posiada regulacj\u0119 si\u0142\u0119 docisku elektrod, a tak\u017ce [&hellip;]<\/p>\n","protected":false},"author":1,"featured_media":0,"parent":379,"menu_order":6,"comment_status":"closed","ping_status":"closed","template":"template-produkty_kategoria.php","meta":{"_acf_changed":false,"inline_featured_image":false,"footnotes":""},"class_list":["post-388","page","type-page","status-publish","hentry"],"acf":[],"_links":{"self":[{"href":"https:\/\/www.aspa.pl\/pl\/wp-json\/wp\/v2\/pages\/388"}],"collection":[{"href":"https:\/\/www.aspa.pl\/pl\/wp-json\/wp\/v2\/pages"}],"about":[{"href":"https:\/\/www.aspa.pl\/pl\/wp-json\/wp\/v2\/types\/page"}],"author":[{"embeddable":true,"href":"https:\/\/www.aspa.pl\/pl\/wp-json\/wp\/v2\/users\/1"}],"replies":[{"embeddable":true,"href":"https:\/\/www.aspa.pl\/pl\/wp-json\/wp\/v2\/comments?post=388"}],"version-history":[{"count":11,"href":"https:\/\/www.aspa.pl\/pl\/wp-json\/wp\/v2\/pages\/388\/revisions"}],"predecessor-version":[{"id":3994,"href":"https:\/\/www.aspa.pl\/pl\/wp-json\/wp\/v2\/pages\/388\/revisions\/3994"}],"up":[{"embeddable":true,"href":"https:\/\/www.aspa.pl\/pl\/wp-json\/wp\/v2\/pages\/379"}],"wp:attachment":[{"href":"https:\/\/www.aspa.pl\/pl\/wp-json\/wp\/v2\/media?parent=388"}],"curies":[{"name":"wp","href":"https:\/\/api.w.org\/{rel}","templated":true}]}}