{"id":381,"date":"2020-11-24T23:05:15","date_gmt":"2020-11-24T22:05:15","guid":{"rendered":"https:\/\/www.aspa.pl\/?page_id=381"},"modified":"2024-09-02T21:44:09","modified_gmt":"2024-09-02T19:44:09","slug":"zgrzewarki-punktowe","status":"publish","type":"page","link":"https:\/\/www.aspa.pl\/pl\/produkty\/zgrzewarki-standardowe\/zgrzewarki-punktowe\/","title":{"rendered":"Zgrzewarki punktowe"},"content":{"rendered":"<p><strong>Zgrzewarki punktowe<\/strong><\/p>\n<p>Zgrzewarki punktowe firmy ASPA wykorzystywane s\u0105 przede wszystkim do \u0142\u0105czenia dw\u00f3ch element\u00f3w, takich jak blachy, ta\u015bmy, kszta\u0142towniki czy pr\u0119ty. Mechanizm zgrzewarki punktowej stanowi\u0105: pneumatyczny uk\u0142ad docisku elektrod oraz si\u0142ownik dwustronnego dzia\u0142ania z realizacj\u0105 skoku wst\u0119pnego. Nowoczesny uk\u0142ad dociskowy, wyr\u00f3\u017cniaj\u0105cy si\u0119 bardzo nisk\u0105 bezw\u0142adno\u015bci\u0105, umo\u017cliwia wykonywanie trwa\u0142ych zgrzein r\u00f3wnie\u017c\u00a0 z materia\u0142\u00f3w \u0142atwo topliwych, w tym srebra, aluminium czy miedzi.<\/p>\n","protected":false},"excerpt":{"rendered":"<p>Zgrzewarki punktowe Zgrzewarki punktowe firmy ASPA wykorzystywane s\u0105 przede wszystkim do \u0142\u0105czenia dw\u00f3ch element\u00f3w, takich jak blachy, ta\u015bmy, kszta\u0142towniki czy pr\u0119ty. Mechanizm zgrzewarki punktowej stanowi\u0105: pneumatyczny uk\u0142ad docisku elektrod oraz si\u0142ownik dwustronnego dzia\u0142ania z realizacj\u0105 skoku wst\u0119pnego. Nowoczesny uk\u0142ad dociskowy, wyr\u00f3\u017cniaj\u0105cy si\u0119 bardzo nisk\u0105 bezw\u0142adno\u015bci\u0105, umo\u017cliwia wykonywanie trwa\u0142ych zgrzein r\u00f3wnie\u017c\u00a0 z materia\u0142\u00f3w \u0142atwo topliwych, w [&hellip;]<\/p>\n","protected":false},"author":1,"featured_media":0,"parent":379,"menu_order":2,"comment_status":"closed","ping_status":"closed","template":"template-produkty_kategoria.php","meta":{"_acf_changed":false,"inline_featured_image":false,"footnotes":""},"class_list":["post-381","page","type-page","status-publish","hentry"],"acf":[],"_links":{"self":[{"href":"https:\/\/www.aspa.pl\/pl\/wp-json\/wp\/v2\/pages\/381"}],"collection":[{"href":"https:\/\/www.aspa.pl\/pl\/wp-json\/wp\/v2\/pages"}],"about":[{"href":"https:\/\/www.aspa.pl\/pl\/wp-json\/wp\/v2\/types\/page"}],"author":[{"embeddable":true,"href":"https:\/\/www.aspa.pl\/pl\/wp-json\/wp\/v2\/users\/1"}],"replies":[{"embeddable":true,"href":"https:\/\/www.aspa.pl\/pl\/wp-json\/wp\/v2\/comments?post=381"}],"version-history":[{"count":9,"href":"https:\/\/www.aspa.pl\/pl\/wp-json\/wp\/v2\/pages\/381\/revisions"}],"predecessor-version":[{"id":4010,"href":"https:\/\/www.aspa.pl\/pl\/wp-json\/wp\/v2\/pages\/381\/revisions\/4010"}],"up":[{"embeddable":true,"href":"https:\/\/www.aspa.pl\/pl\/wp-json\/wp\/v2\/pages\/379"}],"wp:attachment":[{"href":"https:\/\/www.aspa.pl\/pl\/wp-json\/wp\/v2\/media?parent=381"}],"curies":[{"name":"wp","href":"https:\/\/api.w.org\/{rel}","templated":true}]}}