{"id":377,"date":"2020-11-24T23:04:40","date_gmt":"2020-11-24T22:04:40","guid":{"rendered":"https:\/\/www.aspa.pl\/?page_id=377"},"modified":"2020-12-03T11:01:09","modified_gmt":"2020-12-03T10:01:09","slug":"produkty","status":"publish","type":"page","link":"https:\/\/www.aspa.pl\/pl\/produkty\/","title":{"rendered":"Produkty"},"content":{"rendered":"<h4>Zgrzewarki standardowe<\/h4>\n<p>Zgrzewarki elektryczne oporowe firmy ASPA nale\u017c\u0105 do najbardziej powszechnych i uniwersalnych rozwi\u0105za\u0144 wykorzystywanych w procesie zgrzewania. Zale\u017ca\u0142o nam, by dostosowa\u0107 je do realizacji r\u00f3\u017cnego typu dzia\u0142a\u0144, dlatego stworzyli\u015bmy szerok\u0105 gam\u0119 zgrzewarek bazowych, w\u015br\u00f3d kt\u00f3rych znajdziecie Pa\u0144stwo zgrzewarki punktowe, garbowe, doczo\u0142owo-zwarciowe i liniowe. W naszej ofercie znajdziecie te\u017c zgrzewarki kleszczowe i warsztatowe.<\/p>\n<p>Tworzymy r\u00f3wnie\u017c zgrzewarki dostosowane do bardziej nietypowych za\u0142o\u017ce\u0144 produkcyjnych, wed\u0142ug \u015bci\u015ble okre\u015blonych potrzeb i wymaga\u0144 Klient\u00f3w.<\/p>\n<p><a href=\"https:\/\/www.aspa.pl\/produkty\/zgrzewarki-standardowe\/\"><strong>Zobacz nasz katalog zgrzewarek standardowych<\/strong><\/a><\/p>\n<p>&nbsp;<\/p>\n<h4>Zgrzewarki specjalizowane<\/h4>\n<p>Zgrzewarki specjalizowane firmy ASPA to urz\u0105dzenia \u015bci\u015ble dostosowane do potrzeb naszych Klient\u00f3w, dlatego ka\u017cd\u0105 z nich personalizujemy i wykonujemy na specjalne zam\u00f3wienie. Baz\u0119 ich konstrukcji stanowi\u0105 sprawdzone zgrzewarki rezystancyjne 50Hz lub inwertorowe 1000Hz. W zale\u017cno\u015bci od potrzeb konkretnego Klienta mog\u0105 one wykorzystywa\u0107 r\u00f3\u017cne technologie zgrzewania, w tym technologi\u0119 zgrzewania punktowego, garbowego czy wielopunktowego. Zgrzewarki specjalizowane wykorzystywane s\u0105 m.in. w przemy\u015ble motoryzacyjnym i lotniczym, w bran\u017cy budowlanej i meblowej, do produkcji zaawansowanych urz\u0105dze\u0144 stosowanych w przemy\u015ble g\u00f3rniczym, a tak\u017ce w produkcji siatek zbrojeniowych czy sprz\u0119tu AGD.<\/p>\n<p><a href=\"https:\/\/www.aspa.pl\/produkty\/zgrzewarki-specjalizowane\/\"><strong>Zobacz nasz katalog zgrzewarek specjalizowanych<\/strong><\/a><\/p>\n","protected":false},"excerpt":{"rendered":"<p>Zgrzewarki standardowe Zgrzewarki elektryczne oporowe firmy ASPA nale\u017c\u0105 do najbardziej powszechnych i uniwersalnych rozwi\u0105za\u0144 wykorzystywanych w procesie zgrzewania. Zale\u017ca\u0142o nam, by dostosowa\u0107 je do realizacji r\u00f3\u017cnego typu dzia\u0142a\u0144, dlatego stworzyli\u015bmy szerok\u0105 gam\u0119 zgrzewarek bazowych, w\u015br\u00f3d kt\u00f3rych znajdziecie Pa\u0144stwo zgrzewarki punktowe, garbowe, doczo\u0142owo-zwarciowe i liniowe. W naszej ofercie znajdziecie te\u017c zgrzewarki kleszczowe i warsztatowe. Tworzymy r\u00f3wnie\u017c [&hellip;]<\/p>\n","protected":false},"author":1,"featured_media":0,"parent":0,"menu_order":0,"comment_status":"closed","ping_status":"closed","template":"template-produkty.php","meta":{"_acf_changed":false,"inline_featured_image":false,"footnotes":""},"class_list":["post-377","page","type-page","status-publish","hentry"],"acf":[],"_links":{"self":[{"href":"https:\/\/www.aspa.pl\/pl\/wp-json\/wp\/v2\/pages\/377"}],"collection":[{"href":"https:\/\/www.aspa.pl\/pl\/wp-json\/wp\/v2\/pages"}],"about":[{"href":"https:\/\/www.aspa.pl\/pl\/wp-json\/wp\/v2\/types\/page"}],"author":[{"embeddable":true,"href":"https:\/\/www.aspa.pl\/pl\/wp-json\/wp\/v2\/users\/1"}],"replies":[{"embeddable":true,"href":"https:\/\/www.aspa.pl\/pl\/wp-json\/wp\/v2\/comments?post=377"}],"version-history":[{"count":3,"href":"https:\/\/www.aspa.pl\/pl\/wp-json\/wp\/v2\/pages\/377\/revisions"}],"predecessor-version":[{"id":1020,"href":"https:\/\/www.aspa.pl\/pl\/wp-json\/wp\/v2\/pages\/377\/revisions\/1020"}],"wp:attachment":[{"href":"https:\/\/www.aspa.pl\/pl\/wp-json\/wp\/v2\/media?parent=377"}],"curies":[{"name":"wp","href":"https:\/\/api.w.org\/{rel}","templated":true}]}}