{"id":2234,"date":"2024-05-22T15:06:23","date_gmt":"2024-05-22T13:06:23","guid":{"rendered":"https:\/\/www.aspa.pl\/?page_id=2234"},"modified":"2024-09-02T21:38:07","modified_gmt":"2024-09-02T19:38:07","slug":"zgrzewarki-dyfuzyjne","status":"publish","type":"page","link":"https:\/\/www.aspa.pl\/pl\/produkty\/zgrzewarki-standardowe\/zgrzewarki-dyfuzyjne\/","title":{"rendered":"Zgrzewarki dyfuzyjne"},"content":{"rendered":"<p><strong>Zgrzewanie dyfuzyjne<\/strong><\/p>\n<p><img loading=\"lazy\" decoding=\"async\" class=\" wp-image-2236 alignleft\" src=\"https:\/\/www.aspa.pl\/wp-content\/uploads\/2024\/05\/Zrzut-ekranu-2024-02-07-o-14.11.43-300x221.png\" alt=\"\" width=\"239\" height=\"176\" srcset=\"https:\/\/www.aspa.pl\/wp-content\/uploads\/2024\/05\/Zrzut-ekranu-2024-02-07-o-14.11.43-300x221.png 300w, https:\/\/www.aspa.pl\/wp-content\/uploads\/2024\/05\/Zrzut-ekranu-2024-02-07-o-14.11.43-768x566.png 768w, https:\/\/www.aspa.pl\/wp-content\/uploads\/2024\/05\/Zrzut-ekranu-2024-02-07-o-14.11.43-320x236.png 320w, https:\/\/www.aspa.pl\/wp-content\/uploads\/2024\/05\/Zrzut-ekranu-2024-02-07-o-14.11.43.png 899w\" sizes=\"(max-width: 239px) 100vw, 239px\" \/><\/p>\n<p class=\"cvGsUA direction-ltr align-justify para-style-body\"><span class=\"OYPEnA text-decoration-none text-strikethrough-none\">W dzisiejszym dynamicznym \u015bwiecie in\u017cynierii materia\u0142owej istnieje wiele zaawansowanych technologii \u0142\u0105czenia r\u00f3\u017cnych materia\u0142\u00f3w w celu uzyskania trwa\u0142ych i efektywnych po\u0142\u0105cze\u0144. Jednym z fascynuj\u0105cych proces\u00f3w jest zgrzewanie dyfuzyjne, kt\u00f3ry umo\u017cliwia po\u0142\u0105czenie materia\u0142\u00f3w na poziomie mikrostruktury, co przek\u0142ada si\u0119 na wyj\u0105tkow\u0105 trwa\u0142o\u015b\u0107 i wydajno\u015b\u0107 \u0142\u0105czonych element\u00f3w.<\/span><\/p>\n<p class=\"cvGsUA direction-ltr align-justify para-style-body\"><strong><span class=\"OYPEnA text-decoration-none text-strikethrough-none\">Co to jest zgrzewanie dyfuzyjne?<\/span><\/strong><\/p>\n<p class=\"cvGsUA direction-ltr align-justify para-style-body\"><span class=\"OYPEnA text-decoration-none text-strikethrough-none\">Zgrzewanie dyfuzyjne to proces \u0142\u0105czenia materia\u0142\u00f3w przy wykorzystaniu wysokiej temperatury i czasu, co pozwala na migracj\u0119 atom\u00f3w mi\u0119dzy granicami ziaren materia\u0142u. W rezultacie zachodzi dyfuzja, czyli przemieszczanie si\u0119 atom\u00f3w z obszaru o wy\u017cszym st\u0119\u017ceniu do obszaru o ni\u017cszym st\u0119\u017ceniu. Ten proces pozwala na stworzenie jednorodnego po\u0142\u0105czenia mi\u0119dzy materia\u0142ami, co prowadzi do uzyskania trwa\u0142ego i wytrzyma\u0142ego zespolenia.<\/span><\/p>\n<p class=\"cvGsUA direction-ltr align-justify para-style-body\"><span class=\"OYPEnA text-decoration-none text-strikethrough-none\">Jest to metoda trwa\u0142a, dok\u0142adna i precyzyjna, kt\u00f3r<\/span><\/p>\n<p class=\"cvGsUA direction-ltr align-justify para-style-body\"><span class=\"OYPEnA text-decoration-none text-strikethrough-none\">a pozwala na \u0142\u0105czenia materia\u0142\u00f3w o r\u00f3\u017cnych w\u0142a\u015bciwo\u015bciach. Jest procesem \u0142\u0105czenia w stanie sta\u0142ym , w podwy\u017cszonej temperaturze i pod dzia\u0142aniem docisku. Proces zgrzewania nie powoduje odkszta\u0142cenia makroskopowego i przesuni\u0119cia wzajemnego zgrzewanych element\u00f3w.<\/span><\/p>\n<p class=\"cvGsUA direction-ltr align-justify para-style-body\"><strong><span class=\"OYPEnA text-decoration-none text-strikethrough-none\">Jakie materia\u0142y mo\u017cna \u0142\u0105czy\u0107?<\/span><\/strong><\/p>\n<p class=\"cvGsUA direction-ltr align-justify para-style-body\"><span class=\"OYPEnA text-decoration-none text-strikethrough-none\">Proces zgrzewania dyfuzyjnego jest szczeg\u00f3lnie skuteczny w przypadku \u0142\u0105czenia metali, ale mo\u017ce by\u0107 r\u00f3wnie\u017c stosowany do \u0142\u0105czenia metalu z ceramik\u0105 czy kompozyt\u00f3w. To sprawia, \u017ce jest on u\u017cyteczny w wielu dziedzinach, takich jak przemys\u0142 lotniczy, motoryzacyjny, energetyka czy medycyna.<\/span><\/p>\n<p class=\"cvGsUA direction-ltr align-justify para-style-body\"><strong><span class=\"OYPEnA text-decoration-none text-strikethrough-none\">Zalety zgrzewania dyfuzyjnego:<\/span><\/strong><\/p>\n<p class=\"cvGsUA direction-ltr align-justify para-style-body\"><span class=\"OYPEnA text-decoration-none text-strikethrough-none\">\u27a4 Trwa\u0142o\u015b\u0107: Po\u0142\u0105czenia uzyskane przez zgrzewanie dyfuzyjne s\u0105 znacznie trwalsze ni\u017c w przypadku innych metod \u0142\u0105czenia materia\u0142\u00f3w.<\/span><\/p>\n<p class=\"cvGsUA direction-ltr align-justify para-style-body\"><span class=\"OYPEnA text-decoration-none text-strikethrough-none\">\u27a4 Brak dodatkowych materia\u0142\u00f3w: Nie ma potrzeby stosowania dodatkowych materia\u0142\u00f3w, takich jak spoiwa czy luty.<\/span><\/p>\n<p class=\"cvGsUA direction-ltr align-justify para-style-body\"><span class=\"OYPEnA text-decoration-none text-strikethrough-none\">\u27a4 Wielomateria\u0142owo\u015b\u0107 : Proces ten umo\u017cliwia \u0142\u0105czenie r\u00f3\u017cnorodnych materia\u0142\u00f3w, co zwi\u0119ksza jego wszechstronno\u015b\u0107.<\/span><\/p>\n<p class=\"cvGsUA direction-ltr align-justify para-style-body\"><span class=\"OYPEnA text-decoration-none text-strikethrough-none\">Zgrzewanie dyfuzyjne to jedna z zaawansowanych technologii \u0142\u0105czenia materia\u0142\u00f3w, kt\u00f3ra otwiera nowe mo\u017cliwo\u015bci w projektowaniu i produkcji zaawansowanych konstrukcji. Dzi\u0119ki temu procesowi in\u017cynierowie mog\u0105 osi\u0105ga\u0107 po\u0142\u0105czenia o wyj\u0105tkowej wytrzyma\u0142o\u015bci i trwa\u0142o\u015bci, co stanowi kluczowy element w dzisiejszych zaawansowanych technologiach.<\/span><\/p>\n<p>&nbsp;<\/p>\n<p>&nbsp;<\/p>\n<p><a href=\"https:\/\/www.youtube.com\/watch?v=ZKF12pjGEgg&amp;ab_channel=ASPARESISTANCEWELDING\"><img loading=\"lazy\" decoding=\"async\" class=\"alignnone wp-image-2245 size-medium\" src=\"https:\/\/www.aspa.pl\/wp-content\/uploads\/2024\/05\/3_3.3.1-300x169.jpg\" alt=\"\" width=\"300\" height=\"169\" srcset=\"https:\/\/www.aspa.pl\/wp-content\/uploads\/2024\/05\/3_3.3.1-300x169.jpg 300w, https:\/\/www.aspa.pl\/wp-content\/uploads\/2024\/05\/3_3.3.1-1024x576.jpg 1024w, https:\/\/www.aspa.pl\/wp-content\/uploads\/2024\/05\/3_3.3.1-768x432.jpg 768w, https:\/\/www.aspa.pl\/wp-content\/uploads\/2024\/05\/3_3.3.1-1536x864.jpg 1536w, https:\/\/www.aspa.pl\/wp-content\/uploads\/2024\/05\/3_3.3.1-320x180.jpg 320w, https:\/\/www.aspa.pl\/wp-content\/uploads\/2024\/05\/3_3.3.1.jpg 1920w\" sizes=\"(max-width: 300px) 100vw, 300px\" \/><\/a><\/p>\n<h5 class=\"cvGsUA direction-ltr align-justify para-style-body\"><span class=\"OYPEnA text-decoration-none text-strikethrough-none\">Zgrzewarka do dyfuzyjnego \u0142\u0105czenia metali<\/span> <span class=\"OYPEnA text-decoration-none text-strikethrough-none\">produkcji ASPA z kontrol\u0105 czasu, pr\u0105du, docisku a tak\u017ce temperatury materia\u0142\u00f3w.<\/span><\/h5>\n<p><img loading=\"lazy\" decoding=\"async\" class=\"wp-image-2240 alignright\" src=\"https:\/\/www.aspa.pl\/wp-content\/uploads\/2024\/05\/Izar-1-300x232.png\" alt=\"\" width=\"315\" height=\"244\" srcset=\"https:\/\/www.aspa.pl\/wp-content\/uploads\/2024\/05\/Izar-1-300x232.png 300w, https:\/\/www.aspa.pl\/wp-content\/uploads\/2024\/05\/Izar-1-1024x791.png 1024w, https:\/\/www.aspa.pl\/wp-content\/uploads\/2024\/05\/Izar-1-768x593.png 768w, https:\/\/www.aspa.pl\/wp-content\/uploads\/2024\/05\/Izar-1-1536x1187.png 1536w, https:\/\/www.aspa.pl\/wp-content\/uploads\/2024\/05\/Izar-1-320x247.png 320w, https:\/\/www.aspa.pl\/wp-content\/uploads\/2024\/05\/Izar-1.png 1614w\" sizes=\"(max-width: 315px) 100vw, 315px\" \/>Oparta na inwertorowym\u00a0 \u017ar\u00f3dle pr\u0105dowym.<\/p>\n<p>Zdolno\u015b\u0107 zgrzewania dyfuzyjnego do 15000 mm2.<\/p>\n","protected":false},"excerpt":{"rendered":"<p>Zgrzewanie dyfuzyjne W dzisiejszym dynamicznym \u015bwiecie in\u017cynierii materia\u0142owej istnieje wiele zaawansowanych technologii \u0142\u0105czenia r\u00f3\u017cnych materia\u0142\u00f3w w celu uzyskania trwa\u0142ych i efektywnych po\u0142\u0105cze\u0144. Jednym z fascynuj\u0105cych proces\u00f3w jest zgrzewanie dyfuzyjne, kt\u00f3ry umo\u017cliwia po\u0142\u0105czenie materia\u0142\u00f3w na poziomie mikrostruktury, co przek\u0142ada si\u0119 na wyj\u0105tkow\u0105 trwa\u0142o\u015b\u0107 i wydajno\u015b\u0107 \u0142\u0105czonych element\u00f3w. Co to jest zgrzewanie dyfuzyjne? Zgrzewanie dyfuzyjne to proces [&hellip;]<\/p>\n","protected":false},"author":5,"featured_media":0,"parent":379,"menu_order":10,"comment_status":"closed","ping_status":"closed","template":"template-produkty_kategoria.php","meta":{"_acf_changed":false,"inline_featured_image":false,"footnotes":""},"class_list":["post-2234","page","type-page","status-publish","hentry"],"acf":[],"_links":{"self":[{"href":"https:\/\/www.aspa.pl\/pl\/wp-json\/wp\/v2\/pages\/2234"}],"collection":[{"href":"https:\/\/www.aspa.pl\/pl\/wp-json\/wp\/v2\/pages"}],"about":[{"href":"https:\/\/www.aspa.pl\/pl\/wp-json\/wp\/v2\/types\/page"}],"author":[{"embeddable":true,"href":"https:\/\/www.aspa.pl\/pl\/wp-json\/wp\/v2\/users\/5"}],"replies":[{"embeddable":true,"href":"https:\/\/www.aspa.pl\/pl\/wp-json\/wp\/v2\/comments?post=2234"}],"version-history":[{"count":17,"href":"https:\/\/www.aspa.pl\/pl\/wp-json\/wp\/v2\/pages\/2234\/revisions"}],"predecessor-version":[{"id":4005,"href":"https:\/\/www.aspa.pl\/pl\/wp-json\/wp\/v2\/pages\/2234\/revisions\/4005"}],"up":[{"embeddable":true,"href":"https:\/\/www.aspa.pl\/pl\/wp-json\/wp\/v2\/pages\/379"}],"wp:attachment":[{"href":"https:\/\/www.aspa.pl\/pl\/wp-json\/wp\/v2\/media?parent=2234"}],"curies":[{"name":"wp","href":"https:\/\/api.w.org\/{rel}","templated":true}]}}