{"id":2231,"date":"2024-05-22T15:02:47","date_gmt":"2024-05-22T13:02:47","guid":{"rendered":"https:\/\/www.aspa.pl\/?page_id=2231"},"modified":"2024-09-02T20:21:08","modified_gmt":"2024-09-02T18:21:08","slug":"zgrzewarki-tarciowe","status":"publish","type":"page","link":"https:\/\/www.aspa.pl\/pl\/produkty\/zgrzewarki-standardowe\/zgrzewarki-tarciowe\/","title":{"rendered":"Zgrzewarki tarciowe"},"content":{"rendered":"<div class=\"flex flex-grow flex-col max-w-full\">\n<div class=\"min-h-[20px] text-message flex flex-col items-start whitespace-pre-wrap break-words [.text-message+&amp;]:mt-5 juice:w-full juice:items-end overflow-x-auto gap-2\" dir=\"auto\" data-message-author-role=\"assistant\" data-message-id=\"d94469a3-6611-4cb1-b6ff-f5d0120a7004\">\n<div class=\"flex w-full flex-col gap-1 juice:empty:hidden juice:first:pt-[3px]\">\n<div class=\"markdown prose w-full break-words dark:prose-invert light\">\n<p><strong>Zgrzewanie tarciowe<\/strong> to proces, w kt\u00f3rym ciep\u0142o potrzebne do po\u0142\u0105czenia element\u00f3w jest generowane przez tarcie w obszarze styku zgrzewanych przedmiot\u00f3w. Energia mechaniczna ruchu jednego z przedmiot\u00f3w, kt\u00f3ry obraca si\u0119 wok\u00f3\u0142 osi lub wykonuje ruch posuwisto-zwrotny wzgl\u0119dem drugiego przedmiotu, zamienia si\u0119 na energi\u0119 ciepln\u0105. Dzi\u0119ki temu, przy odpowiednim docisku, temperatura w obszarze tarcia wzrasta do poziomu wystarczaj\u0105cego do zgrzania metali, jednak poni\u017cej ich temperatury topnienia.<\/p>\n<p>Podczas zgrzewania, elementy s\u0105 dociskane do siebie z okre\u015blon\u0105 si\u0142\u0105 tarcia, co pozwala na kontrolowane wydzielanie ciep\u0142a. Proces ten trwa, a\u017c zgrzewane powierzchnie osi\u0105gn\u0105 wymagan\u0105 temperatur\u0119. Wtedy ruch wzgl\u0119dny przedmiot\u00f3w zostaje zatrzymany, a si\u0142a docisku powoduje trwa\u0142e po\u0142\u0105czenie metaliczne w stanie sta\u0142ym. W przypadku, gdy nast\u0105pi lokalne stopienie powierzchni styku, ciek\u0142y metal jest wypychany na zewn\u0105trz, ale finalne po\u0142\u0105czenie zachodzi r\u00f3wnie\u017c w stanie sta\u0142ym.<\/p>\n<p>Technologia zgrzewania tarciowego zapewnia wysok\u0105 niezawodno\u015b\u0107 po\u0142\u0105cze\u0144 oraz kontrol\u0119 nad procesem, co minimalizuje ryzyko wad zgrzewu i zwi\u0119ksza efektywno\u015b\u0107 produkcji.<\/p>\n<\/div>\n<\/div>\n<\/div>\n<\/div>\n<div class=\"mt-1 flex gap-3 empty:hidden juice:-ml-3\">\n<div class=\"items-center justify-start rounded-xl p-1 flex\">\n<div class=\"flex items-center\">\n<div class=\"flex items-center pb-0.5 juice:pb-0\"><\/div>\n<\/div>\n<\/div>\n<\/div>\n<p><a href=\"https:\/\/www.youtube.com\/watch?v=k-ggkKxmD8M&amp;ab_channel=ASPARESISTANCEWELDING\"><img loading=\"lazy\" decoding=\"async\" class=\"alignnone wp-image-2428 \" src=\"https:\/\/www.aspa.pl\/wp-content\/uploads\/2024\/05\/Przechwytywanie-20-300x205.png\" alt=\"\" width=\"274\" height=\"187\" srcset=\"https:\/\/www.aspa.pl\/wp-content\/uploads\/2024\/05\/Przechwytywanie-20-300x205.png 300w, https:\/\/www.aspa.pl\/wp-content\/uploads\/2024\/05\/Przechwytywanie-20-320x219.png 320w, https:\/\/www.aspa.pl\/wp-content\/uploads\/2024\/05\/Przechwytywanie-20.png 322w\" sizes=\"(max-width: 274px) 100vw, 274px\" \/><img loading=\"lazy\" decoding=\"async\" class=\"alignnone wp-image-2698\" src=\"https:\/\/www.aspa.pl\/wp-content\/uploads\/2024\/08\/nathing-create-530742185-300x200.png\" alt=\"\" width=\"245\" height=\"163\" srcset=\"https:\/\/www.aspa.pl\/wp-content\/uploads\/2024\/08\/nathing-create-530742185-300x200.png 300w, https:\/\/www.aspa.pl\/wp-content\/uploads\/2024\/08\/nathing-create-530742185-768x512.png 768w, https:\/\/www.aspa.pl\/wp-content\/uploads\/2024\/08\/nathing-create-530742185-320x213.png 320w, https:\/\/www.aspa.pl\/wp-content\/uploads\/2024\/08\/nathing-create-530742185.png 1024w\" sizes=\"(max-width: 245px) 100vw, 245px\" \/>\u00a0 \u00a0 \u00a0 \u00a0 \u00a0 \u00a0 \u00a0 \u00a0 <img loading=\"lazy\" decoding=\"async\" class=\"alignnone wp-image-2701\" src=\"https:\/\/www.aspa.pl\/wp-content\/uploads\/2024\/08\/DSC9347-300x200.jpg\" alt=\"\" width=\"243\" height=\"162\" srcset=\"https:\/\/www.aspa.pl\/wp-content\/uploads\/2024\/08\/DSC9347-300x200.jpg 300w, https:\/\/www.aspa.pl\/wp-content\/uploads\/2024\/08\/DSC9347-1024x683.jpg 1024w, https:\/\/www.aspa.pl\/wp-content\/uploads\/2024\/08\/DSC9347-768x512.jpg 768w, https:\/\/www.aspa.pl\/wp-content\/uploads\/2024\/08\/DSC9347-1536x1024.jpg 1536w, https:\/\/www.aspa.pl\/wp-content\/uploads\/2024\/08\/DSC9347-2048x1365.jpg 2048w, https:\/\/www.aspa.pl\/wp-content\/uploads\/2024\/08\/DSC9347-320x213.jpg 320w\" sizes=\"(max-width: 243px) 100vw, 243px\" \/><\/a><\/p>\n","protected":false},"excerpt":{"rendered":"<p>Zgrzewanie tarciowe to proces, w kt\u00f3rym ciep\u0142o potrzebne do po\u0142\u0105czenia element\u00f3w jest generowane przez tarcie w obszarze styku zgrzewanych przedmiot\u00f3w. Energia mechaniczna ruchu jednego z przedmiot\u00f3w, kt\u00f3ry obraca si\u0119 wok\u00f3\u0142 osi lub wykonuje ruch posuwisto-zwrotny wzgl\u0119dem drugiego przedmiotu, zamienia si\u0119 na energi\u0119 ciepln\u0105. Dzi\u0119ki temu, przy odpowiednim docisku, temperatura w obszarze tarcia wzrasta do poziomu [&hellip;]<\/p>\n","protected":false},"author":5,"featured_media":0,"parent":379,"menu_order":10,"comment_status":"closed","ping_status":"closed","template":"template-produkty_kategoria.php","meta":{"_acf_changed":false,"inline_featured_image":false,"footnotes":""},"class_list":["post-2231","page","type-page","status-publish","hentry"],"acf":[],"_links":{"self":[{"href":"https:\/\/www.aspa.pl\/pl\/wp-json\/wp\/v2\/pages\/2231"}],"collection":[{"href":"https:\/\/www.aspa.pl\/pl\/wp-json\/wp\/v2\/pages"}],"about":[{"href":"https:\/\/www.aspa.pl\/pl\/wp-json\/wp\/v2\/types\/page"}],"author":[{"embeddable":true,"href":"https:\/\/www.aspa.pl\/pl\/wp-json\/wp\/v2\/users\/5"}],"replies":[{"embeddable":true,"href":"https:\/\/www.aspa.pl\/pl\/wp-json\/wp\/v2\/comments?post=2231"}],"version-history":[{"count":14,"href":"https:\/\/www.aspa.pl\/pl\/wp-json\/wp\/v2\/pages\/2231\/revisions"}],"predecessor-version":[{"id":3996,"href":"https:\/\/www.aspa.pl\/pl\/wp-json\/wp\/v2\/pages\/2231\/revisions\/3996"}],"up":[{"embeddable":true,"href":"https:\/\/www.aspa.pl\/pl\/wp-json\/wp\/v2\/pages\/379"}],"wp:attachment":[{"href":"https:\/\/www.aspa.pl\/pl\/wp-json\/wp\/v2\/media?parent=2231"}],"curies":[{"name":"wp","href":"https:\/\/api.w.org\/{rel}","templated":true}]}}