{"id":1811,"date":"2024-05-20T13:13:28","date_gmt":"2024-05-20T11:13:28","guid":{"rendered":"https:\/\/www.aspa.pl\/?page_id=1811"},"modified":"2024-09-02T21:48:16","modified_gmt":"2024-09-02T19:48:16","slug":"zgrzewarki-warsztatowe-2","status":"publish","type":"page","link":"https:\/\/www.aspa.pl\/pl\/produkty\/zgrzewarki-standardowe\/zgrzewarki-warsztatowe-2\/","title":{"rendered":"Zgrzewarki warsztatowe"},"content":{"rendered":"<p>Zgrzewarki warsztatowe zosta\u0142y zaprojektowany z my\u015bl\u0105 o szerokim spektrum zastosowa\u0144 w przemy\u015ble maszynowym oraz warsztatach samochodowych.\u00a0 Charakteryzuj\u0105 si\u0119 mobilno\u015bci\u0105 i lekko\u015bci\u0105, kt\u00f3ra umo\u017cliwia precyzyjne dotarcie do trudno dost\u0119pnych miejsc, szczeg\u00f3lnie w karoserii samochodowej. Dzi\u0119ki temu, zgrzewarki\u00a0 spe\u0142niaj\u0105 najwy\u017csze standardy efektywno\u015bci i jako\u015bci, niezb\u0119dne w profesjonalnym u\u017cytkowaniu. Urz\u0105dzenie mo\u017ce by\u0107 wyposa\u017cone zar\u00f3wno w pistolet wielofunkcyjny, jak i pneumatyczny uchwyt zgrzewalniczy, zapewniaj\u0105c wszechstronno\u015b\u0107 i efektywno\u015b\u0107 w r\u00f3\u017cnorodnych zadaniach.<\/p>\n","protected":false},"excerpt":{"rendered":"<p>Zgrzewarki warsztatowe zosta\u0142y zaprojektowany z my\u015bl\u0105 o szerokim spektrum zastosowa\u0144 w przemy\u015ble maszynowym oraz warsztatach samochodowych.\u00a0 Charakteryzuj\u0105 si\u0119 mobilno\u015bci\u0105 i lekko\u015bci\u0105, kt\u00f3ra umo\u017cliwia precyzyjne dotarcie do trudno dost\u0119pnych miejsc, szczeg\u00f3lnie w karoserii samochodowej. Dzi\u0119ki temu, zgrzewarki\u00a0 spe\u0142niaj\u0105 najwy\u017csze standardy efektywno\u015bci i jako\u015bci, niezb\u0119dne w profesjonalnym u\u017cytkowaniu. Urz\u0105dzenie mo\u017ce by\u0107 wyposa\u017cone zar\u00f3wno w pistolet wielofunkcyjny, jak [&hellip;]<\/p>\n","protected":false},"author":5,"featured_media":0,"parent":379,"menu_order":9,"comment_status":"closed","ping_status":"closed","template":"template-produkty_kategoria.php","meta":{"_acf_changed":false,"inline_featured_image":false,"footnotes":""},"class_list":["post-1811","page","type-page","status-publish","hentry"],"acf":[],"_links":{"self":[{"href":"https:\/\/www.aspa.pl\/pl\/wp-json\/wp\/v2\/pages\/1811"}],"collection":[{"href":"https:\/\/www.aspa.pl\/pl\/wp-json\/wp\/v2\/pages"}],"about":[{"href":"https:\/\/www.aspa.pl\/pl\/wp-json\/wp\/v2\/types\/page"}],"author":[{"embeddable":true,"href":"https:\/\/www.aspa.pl\/pl\/wp-json\/wp\/v2\/users\/5"}],"replies":[{"embeddable":true,"href":"https:\/\/www.aspa.pl\/pl\/wp-json\/wp\/v2\/comments?post=1811"}],"version-history":[{"count":5,"href":"https:\/\/www.aspa.pl\/pl\/wp-json\/wp\/v2\/pages\/1811\/revisions"}],"predecessor-version":[{"id":4018,"href":"https:\/\/www.aspa.pl\/pl\/wp-json\/wp\/v2\/pages\/1811\/revisions\/4018"}],"up":[{"embeddable":true,"href":"https:\/\/www.aspa.pl\/pl\/wp-json\/wp\/v2\/pages\/379"}],"wp:attachment":[{"href":"https:\/\/www.aspa.pl\/pl\/wp-json\/wp\/v2\/media?parent=1811"}],"curies":[{"name":"wp","href":"https:\/\/api.w.org\/{rel}","templated":true}]}}