{"id":1667,"date":"2024-03-25T23:31:20","date_gmt":"2024-03-25T22:31:20","guid":{"rendered":"https:\/\/www.aspa.pl\/?page_id=1667"},"modified":"2024-09-02T20:02:46","modified_gmt":"2024-09-02T18:02:46","slug":"zgrzewarki-punktowe-stolowe","status":"publish","type":"page","link":"https:\/\/www.aspa.pl\/pl\/produkty\/zgrzewarki-standardowe\/zgrzewarki-punktowe-stolowe\/","title":{"rendered":"Zgrzewarki punktowe sto\u0142owe"},"content":{"rendered":"<p class=\"cvGsUA direction-ltr align-justify para-style-body\"><strong><span class=\"OYPEnA text-decoration-none text-strikethrough-none\">Zgrzewarki punktowe sto\u0142owe<\/span><\/strong><\/p>\n<p class=\"cvGsUA direction-ltr align-justify para-style-body\"><span class=\"OYPEnA text-decoration-none text-strikethrough-none\">Zgrzewarki punktowe<\/span> <span class=\"OYPEnA text-decoration-none text-strikethrough-none\">sto\u0142owe s\u0105 przeznaczone do punktowego zgrzewania ma\u0142ych detali wykonanych ze stali niskow\u0119glowej. Pneumatyczny uk\u0142ad dociskowy zapewnia uzyskanie bardzo dobrze ukszta\u0142towanych zgrzein. Kr\u00f3tki wysi\u0119g i niewielki rozstaw ramion sprawia, \u017ce pomimo zastosowania transformatora o niskiej mocy zgrzewarka uzyskuje znaczne pr\u0105dy zgrzewania (do 17 kA) Powy\u017csze cechy w po\u0142\u0105czeniu z mo\u017cliwo\u015bciami uk\u0142adu sterowania powoduj\u0105, \u017ce zgrzewarka mimo swej prostoty posiada bardzo du\u017ce mo\u017cliwo\u015bci zgrzewalnicze.<\/span><\/p>\n","protected":false},"excerpt":{"rendered":"<p>Zgrzewarki punktowe sto\u0142owe Zgrzewarki punktowe sto\u0142owe s\u0105 przeznaczone do punktowego zgrzewania ma\u0142ych detali wykonanych ze stali niskow\u0119glowej. Pneumatyczny uk\u0142ad dociskowy zapewnia uzyskanie bardzo dobrze ukszta\u0142towanych zgrzein. Kr\u00f3tki wysi\u0119g i niewielki rozstaw ramion sprawia, \u017ce pomimo zastosowania transformatora o niskiej mocy zgrzewarka uzyskuje znaczne pr\u0105dy zgrzewania (do 17 kA) Powy\u017csze cechy w po\u0142\u0105czeniu z mo\u017cliwo\u015bciami uk\u0142adu [&hellip;]<\/p>\n","protected":false},"author":5,"featured_media":0,"parent":379,"menu_order":3,"comment_status":"closed","ping_status":"closed","template":"template-produkty_kategoria.php","meta":{"_acf_changed":false,"inline_featured_image":false,"footnotes":""},"class_list":["post-1667","page","type-page","status-publish","hentry"],"acf":[],"_links":{"self":[{"href":"https:\/\/www.aspa.pl\/pl\/wp-json\/wp\/v2\/pages\/1667"}],"collection":[{"href":"https:\/\/www.aspa.pl\/pl\/wp-json\/wp\/v2\/pages"}],"about":[{"href":"https:\/\/www.aspa.pl\/pl\/wp-json\/wp\/v2\/types\/page"}],"author":[{"embeddable":true,"href":"https:\/\/www.aspa.pl\/pl\/wp-json\/wp\/v2\/users\/5"}],"replies":[{"embeddable":true,"href":"https:\/\/www.aspa.pl\/pl\/wp-json\/wp\/v2\/comments?post=1667"}],"version-history":[{"count":3,"href":"https:\/\/www.aspa.pl\/pl\/wp-json\/wp\/v2\/pages\/1667\/revisions"}],"predecessor-version":[{"id":3970,"href":"https:\/\/www.aspa.pl\/pl\/wp-json\/wp\/v2\/pages\/1667\/revisions\/3970"}],"up":[{"embeddable":true,"href":"https:\/\/www.aspa.pl\/pl\/wp-json\/wp\/v2\/pages\/379"}],"wp:attachment":[{"href":"https:\/\/www.aspa.pl\/pl\/wp-json\/wp\/v2\/media?parent=1667"}],"curies":[{"name":"wp","href":"https:\/\/api.w.org\/{rel}","templated":true}]}}